{"id":92,"date":"2022-11-24T14:40:27","date_gmt":"2022-11-24T13:40:27","guid":{"rendered":"http:\/\/laurenceperrin-hypnose.com\/?page_id=92"},"modified":"2023-04-01T16:11:36","modified_gmt":"2023-04-01T14:11:36","slug":"deroulement-dune-seance","status":"publish","type":"page","link":"https:\/\/laurenceperrin-hypnose.com\/index.php\/deroulement-dune-seance\/","title":{"rendered":"D\u00e9roulement d&#8217;une s\u00e9ance"},"content":{"rendered":"\n<div class=\"wp-block-columns is-layout-flex wp-container-core-columns-is-layout-9d6595d7 wp-block-columns-is-layout-flex\">\n<div class=\"wp-block-column is-layout-flow wp-block-column-is-layout-flow\">\n<img src='https:\/\/laurenceperrin-hypnose.com\/wp-content\/uploads\/2023\/01\/telephone-1.png' width='10%'><a href='tel:0650704079'> 06 50 70 40 79<\/a><br \/><a href=\"https:\/\/perfactive.fr\/laurence-perrin\/book\" target=\"_blank\" rel=\"noopener\"><img decoding=\"async\" src=\"https:\/\/laurenceperrin-hypnose.com\/wp-content\/uploads\/2022\/12\/calendrier.png\" alt=\"prendre rendez-vous\" title=\"prendre rendez-vous\" width=\"120px\"><\/a>\n<\/div>\n\n\n\n<div class=\"wp-block-column is-layout-flow wp-block-column-is-layout-flow\"><\/div>\n<\/div>\n\n\n\n<p class=\"has-text-color has-medium-font-size\" style=\"color:#249da6\"><strong>Hypnose&nbsp;<\/strong><\/p>\n\n\n\n<div class=\"wp-block-media-text alignwide is-stacked-on-mobile is-vertically-aligned-top\" style=\"grid-template-columns:27% auto\"><figure class=\"wp-block-media-text__media\"><img fetchpriority=\"high\" decoding=\"async\" width=\"829\" height=\"1024\" src=\"https:\/\/laurenceperrin-hypnose.com\/wp-content\/uploads\/2022\/12\/cabinet-829x1024.jpg\" alt=\"\" class=\"wp-image-241 size-full\" srcset=\"https:\/\/laurenceperrin-hypnose.com\/wp-content\/uploads\/2022\/12\/cabinet-829x1024.jpg 829w, https:\/\/laurenceperrin-hypnose.com\/wp-content\/uploads\/2022\/12\/cabinet-243x300.jpg 243w, https:\/\/laurenceperrin-hypnose.com\/wp-content\/uploads\/2022\/12\/cabinet-768x948.jpg 768w, https:\/\/laurenceperrin-hypnose.com\/wp-content\/uploads\/2022\/12\/cabinet-1244x1536.jpg 1244w, https:\/\/laurenceperrin-hypnose.com\/wp-content\/uploads\/2022\/12\/cabinet-1659x2048.jpg 1659w, https:\/\/laurenceperrin-hypnose.com\/wp-content\/uploads\/2022\/12\/cabinet.jpg 1900w\" sizes=\"(max-width: 829px) 100vw, 829px\" \/><\/figure><div class=\"wp-block-media-text__content\">\n<p>\u200b\u2022 La premi\u00e8re s\u00e9ance est comme un entretien qui me permet d\u2019identifier votre demande et de vous aider \u00e0 fixer votre&nbsp;objectif.<\/p>\n\n\n\n<p>\u2022 Ensuite, il s\u2019agit de cr\u00e9er des s\u00e9ances \u00e0 votre mesure, en tenant compte des indications que vous apportez.<\/p>\n\n\n\n<p>\u2022 Souvenez-vous qu&#8217;en&nbsp;hypnose, vous ne dormez pas, au contraire vous serez actif.ve<\/p>\n\n\n\n<p>\u2022 Je vous guide simplement par des suggestions et des propositions et c\u2019est vous qui choisissez d\u2019aller explorer votre univers int\u00e9rieur !<\/p>\n<\/div><\/div>\n\n\n\n<ul class=\"wp-block-list\">\n<li>1 s\u00e9ance dure entre 1 heure et 1 h 15.<\/li>\n\n\n\n<li>Le nombre de s\u00e9ances est \u00e0 d\u00e9terminer en fonction des effets et ressentis obtenus<\/li>\n\n\n\n<li>Je vous donne des outils autonomisant tels que l\u2019autohypnose<\/li>\n\n\n\n<li>Chaque s\u00e9ance est diff\u00e9rente, c&#8217;est un moment unique de d\u00e9tente et de d\u00e9couverte.&nbsp;<\/li>\n<\/ul>\n\n\n\n<p><\/p>\n\n\n\n<p class=\"has-text-color has-medium-font-size\" style=\"color:#249da6\"><strong>L\u2019autohypnose&nbsp;<\/strong><\/p>\n\n\n\n<ul class=\"wp-block-list\">\n<li>C&#8217;est l&#8217;hypnose appliqu\u00e9 \u00e0 soi-m\u00eame.<\/li>\n<\/ul>\n\n\n\n<ul class=\"wp-block-list\">\n<li>L&#8217;hypnose est d\u00e9j\u00e0 de l&#8217;auto hypnose. Permettant d&#8217;acqu\u00e9rir notre autonomie,&nbsp;elle renforce les changements op\u00e9r\u00e9s et notre capacit\u00e9 \u00e0 modifier nous-m\u00eame certains comportements.<\/li>\n<\/ul>\n\n\n\n<ul class=\"wp-block-list\">\n<li>Il est n\u00e9cessaire d\u2019avoir fait plusieurs s\u00e9ances d\u2019hypnose avant.&nbsp;<\/li>\n<\/ul>\n\n\n\n<ul class=\"wp-block-list\">\n<li>Cette technique, tr\u00e8s simple d&#8217;acc\u00e8s a besoin d\u2019\u00eatre int\u00e9gr\u00e9e dans une routine quotidienne.<\/li>\n<\/ul>\n\n\n\n<p><a href=\"https:\/\/perfactive.fr\/laurence-perrin\/book\" target=\"_blank\" rel=\"noreferrer noopener\">Prendre rendez-vous<\/a><\/p>\n","protected":false},"excerpt":{"rendered":"<p>06 50 70 40 79 Hypnose&nbsp; \u200b\u2022 La premi\u00e8re s\u00e9ance est comme un entretien qui me permet d\u2019identifier votre demande et de vous aider \u00e0 fixer votre&nbsp;objectif. \u2022 Ensuite, il s\u2019agit de cr\u00e9er des s\u00e9ances \u00e0 votre mesure, en tenant compte des indications que vous apportez. \u2022 Souvenez-vous qu&#8217;en&nbsp;hypnose, vous ne dormez pas, au contraire&hellip; <a class=\"more-link\" href=\"https:\/\/laurenceperrin-hypnose.com\/index.php\/deroulement-dune-seance\/\">Continue reading <span class=\"screen-reader-text\">D\u00e9roulement d&#8217;une s\u00e9ance<\/span><\/a><\/p>\n","protected":false},"author":1,"featured_media":0,"parent":0,"menu_order":0,"comment_status":"closed","ping_status":"closed","template":"","meta":{"footnotes":""},"class_list":["post-92","page","type-page","status-publish","hentry","entry"],"yoast_head":"<!-- This site is optimized with the Yoast SEO plugin v21.9.1 - https:\/\/yoast.com\/wordpress\/plugins\/seo\/ -->\n<title>D\u00e9roulement d&#039;une s\u00e9ance - Laurence Perrin Hypnose Levallois<\/title>\n<meta name=\"robots\" content=\"index, follow, max-snippet:-1, max-image-preview:large, max-video-preview:-1\" \/>\n<link rel=\"canonical\" href=\"https:\/\/laurenceperrin-hypnose.com\/index.php\/deroulement-dune-seance\/\" \/>\n<meta property=\"og:locale\" content=\"en_US\" \/>\n<meta property=\"og:type\" content=\"article\" \/>\n<meta property=\"og:title\" content=\"D\u00e9roulement d&#039;une s\u00e9ance - Laurence Perrin Hypnose Levallois\" \/>\n<meta property=\"og:description\" content=\"06 50 70 40 79 Hypnose&nbsp; \u200b\u2022 La premi\u00e8re s\u00e9ance est comme un entretien qui me permet d\u2019identifier votre demande et de vous aider \u00e0 fixer votre&nbsp;objectif. \u2022 Ensuite, il s\u2019agit de cr\u00e9er des s\u00e9ances \u00e0 votre mesure, en tenant compte des indications que vous apportez. \u2022 Souvenez-vous qu&#8217;en&nbsp;hypnose, vous ne dormez pas, au contraire&hellip; Continue reading D\u00e9roulement d&#8217;une s\u00e9ance\" \/>\n<meta property=\"og:url\" content=\"https:\/\/laurenceperrin-hypnose.com\/index.php\/deroulement-dune-seance\/\" \/>\n<meta property=\"og:site_name\" content=\"Laurence Perrin Hypnose Levallois\" \/>\n<meta property=\"article:modified_time\" content=\"2023-04-01T14:11:36+00:00\" \/>\n<meta property=\"og:image\" content=\"https:\/\/laurenceperrin-hypnose.com\/wp-content\/uploads\/2023\/01\/telephone-1.png\" \/>\n<meta name=\"twitter:card\" content=\"summary_large_image\" \/>\n<meta name=\"twitter:label1\" content=\"Est. reading time\" \/>\n\t<meta name=\"twitter:data1\" content=\"1 minute\" \/>\n<script type=\"application\/ld+json\" class=\"yoast-schema-graph\">{\"@context\":\"https:\/\/schema.org\",\"@graph\":[{\"@type\":\"WebPage\",\"@id\":\"https:\/\/laurenceperrin-hypnose.com\/index.php\/deroulement-dune-seance\/\",\"url\":\"https:\/\/laurenceperrin-hypnose.com\/index.php\/deroulement-dune-seance\/\",\"name\":\"D\u00e9roulement d'une s\u00e9ance - Laurence Perrin Hypnose Levallois\",\"isPartOf\":{\"@id\":\"https:\/\/laurenceperrin-hypnose.com\/#website\"},\"datePublished\":\"2022-11-24T13:40:27+00:00\",\"dateModified\":\"2023-04-01T14:11:36+00:00\",\"breadcrumb\":{\"@id\":\"https:\/\/laurenceperrin-hypnose.com\/index.php\/deroulement-dune-seance\/#breadcrumb\"},\"inLanguage\":\"en-US\",\"potentialAction\":[{\"@type\":\"ReadAction\",\"target\":[\"https:\/\/laurenceperrin-hypnose.com\/index.php\/deroulement-dune-seance\/\"]}]},{\"@type\":\"BreadcrumbList\",\"@id\":\"https:\/\/laurenceperrin-hypnose.com\/index.php\/deroulement-dune-seance\/#breadcrumb\",\"itemListElement\":[{\"@type\":\"ListItem\",\"position\":1,\"name\":\"Accueil\",\"item\":\"https:\/\/laurenceperrin-hypnose.com\/\"},{\"@type\":\"ListItem\",\"position\":2,\"name\":\"D\u00e9roulement d&#8217;une s\u00e9ance\"}]},{\"@type\":\"WebSite\",\"@id\":\"https:\/\/laurenceperrin-hypnose.com\/#website\",\"url\":\"https:\/\/laurenceperrin-hypnose.com\/\",\"name\":\"Laurence Perrin Hypnose Levallois\",\"description\":\"HYPNOCOACHING - PNL - RITMO - EFT \",\"publisher\":{\"@id\":\"https:\/\/laurenceperrin-hypnose.com\/#organization\"},\"potentialAction\":[{\"@type\":\"SearchAction\",\"target\":{\"@type\":\"EntryPoint\",\"urlTemplate\":\"https:\/\/laurenceperrin-hypnose.com\/?s={search_term_string}\"},\"query-input\":\"required name=search_term_string\"}],\"inLanguage\":\"en-US\"},{\"@type\":\"Organization\",\"@id\":\"https:\/\/laurenceperrin-hypnose.com\/#organization\",\"name\":\"Laurence Perrin Hypnose Levallois\",\"url\":\"https:\/\/laurenceperrin-hypnose.com\/\",\"logo\":{\"@type\":\"ImageObject\",\"inLanguage\":\"en-US\",\"@id\":\"https:\/\/laurenceperrin-hypnose.com\/#\/schema\/logo\/image\/\",\"url\":\"https:\/\/laurenceperrin-hypnose.com\/wp-content\/uploads\/2022\/09\/Laurence-030-scaled.jpg\",\"contentUrl\":\"https:\/\/laurenceperrin-hypnose.com\/wp-content\/uploads\/2022\/09\/Laurence-030-scaled.jpg\",\"width\":1707,\"height\":2560,\"caption\":\"Laurence Perrin Hypnose Levallois\"},\"image\":{\"@id\":\"https:\/\/laurenceperrin-hypnose.com\/#\/schema\/logo\/image\/\"}}]}<\/script>\n<!-- \/ Yoast SEO plugin. -->","yoast_head_json":{"title":"D\u00e9roulement d'une s\u00e9ance - Laurence Perrin Hypnose Levallois","robots":{"index":"index","follow":"follow","max-snippet":"max-snippet:-1","max-image-preview":"max-image-preview:large","max-video-preview":"max-video-preview:-1"},"canonical":"https:\/\/laurenceperrin-hypnose.com\/index.php\/deroulement-dune-seance\/","og_locale":"en_US","og_type":"article","og_title":"D\u00e9roulement d'une s\u00e9ance - Laurence Perrin Hypnose Levallois","og_description":"06 50 70 40 79 Hypnose&nbsp; \u200b\u2022 La premi\u00e8re s\u00e9ance est comme un entretien qui me permet d\u2019identifier votre demande et de vous aider \u00e0 fixer votre&nbsp;objectif. \u2022 Ensuite, il s\u2019agit de cr\u00e9er des s\u00e9ances \u00e0 votre mesure, en tenant compte des indications que vous apportez. \u2022 Souvenez-vous qu&#8217;en&nbsp;hypnose, vous ne dormez pas, au contraire&hellip; Continue reading D\u00e9roulement d&#8217;une s\u00e9ance","og_url":"https:\/\/laurenceperrin-hypnose.com\/index.php\/deroulement-dune-seance\/","og_site_name":"Laurence Perrin Hypnose Levallois","article_modified_time":"2023-04-01T14:11:36+00:00","og_image":[{"url":"https:\/\/laurenceperrin-hypnose.com\/wp-content\/uploads\/2023\/01\/telephone-1.png"}],"twitter_card":"summary_large_image","twitter_misc":{"Est. reading time":"1 minute"},"schema":{"@context":"https:\/\/schema.org","@graph":[{"@type":"WebPage","@id":"https:\/\/laurenceperrin-hypnose.com\/index.php\/deroulement-dune-seance\/","url":"https:\/\/laurenceperrin-hypnose.com\/index.php\/deroulement-dune-seance\/","name":"D\u00e9roulement d'une s\u00e9ance - Laurence Perrin Hypnose Levallois","isPartOf":{"@id":"https:\/\/laurenceperrin-hypnose.com\/#website"},"datePublished":"2022-11-24T13:40:27+00:00","dateModified":"2023-04-01T14:11:36+00:00","breadcrumb":{"@id":"https:\/\/laurenceperrin-hypnose.com\/index.php\/deroulement-dune-seance\/#breadcrumb"},"inLanguage":"en-US","potentialAction":[{"@type":"ReadAction","target":["https:\/\/laurenceperrin-hypnose.com\/index.php\/deroulement-dune-seance\/"]}]},{"@type":"BreadcrumbList","@id":"https:\/\/laurenceperrin-hypnose.com\/index.php\/deroulement-dune-seance\/#breadcrumb","itemListElement":[{"@type":"ListItem","position":1,"name":"Accueil","item":"https:\/\/laurenceperrin-hypnose.com\/"},{"@type":"ListItem","position":2,"name":"D\u00e9roulement d&#8217;une s\u00e9ance"}]},{"@type":"WebSite","@id":"https:\/\/laurenceperrin-hypnose.com\/#website","url":"https:\/\/laurenceperrin-hypnose.com\/","name":"Laurence Perrin Hypnose Levallois","description":"HYPNOCOACHING - PNL - RITMO - EFT ","publisher":{"@id":"https:\/\/laurenceperrin-hypnose.com\/#organization"},"potentialAction":[{"@type":"SearchAction","target":{"@type":"EntryPoint","urlTemplate":"https:\/\/laurenceperrin-hypnose.com\/?s={search_term_string}"},"query-input":"required name=search_term_string"}],"inLanguage":"en-US"},{"@type":"Organization","@id":"https:\/\/laurenceperrin-hypnose.com\/#organization","name":"Laurence Perrin Hypnose Levallois","url":"https:\/\/laurenceperrin-hypnose.com\/","logo":{"@type":"ImageObject","inLanguage":"en-US","@id":"https:\/\/laurenceperrin-hypnose.com\/#\/schema\/logo\/image\/","url":"https:\/\/laurenceperrin-hypnose.com\/wp-content\/uploads\/2022\/09\/Laurence-030-scaled.jpg","contentUrl":"https:\/\/laurenceperrin-hypnose.com\/wp-content\/uploads\/2022\/09\/Laurence-030-scaled.jpg","width":1707,"height":2560,"caption":"Laurence Perrin Hypnose Levallois"},"image":{"@id":"https:\/\/laurenceperrin-hypnose.com\/#\/schema\/logo\/image\/"}}]}},"_links":{"self":[{"href":"https:\/\/laurenceperrin-hypnose.com\/index.php\/wp-json\/wp\/v2\/pages\/92","targetHints":{"allow":["GET"]}}],"collection":[{"href":"https:\/\/laurenceperrin-hypnose.com\/index.php\/wp-json\/wp\/v2\/pages"}],"about":[{"href":"https:\/\/laurenceperrin-hypnose.com\/index.php\/wp-json\/wp\/v2\/types\/page"}],"author":[{"embeddable":true,"href":"https:\/\/laurenceperrin-hypnose.com\/index.php\/wp-json\/wp\/v2\/users\/1"}],"replies":[{"embeddable":true,"href":"https:\/\/laurenceperrin-hypnose.com\/index.php\/wp-json\/wp\/v2\/comments?post=92"}],"version-history":[{"count":17,"href":"https:\/\/laurenceperrin-hypnose.com\/index.php\/wp-json\/wp\/v2\/pages\/92\/revisions"}],"predecessor-version":[{"id":519,"href":"https:\/\/laurenceperrin-hypnose.com\/index.php\/wp-json\/wp\/v2\/pages\/92\/revisions\/519"}],"wp:attachment":[{"href":"https:\/\/laurenceperrin-hypnose.com\/index.php\/wp-json\/wp\/v2\/media?parent=92"}],"curies":[{"name":"wp","href":"https:\/\/api.w.org\/{rel}","templated":true}]}}