{"id":68,"date":"2022-09-16T10:50:21","date_gmt":"2022-09-16T08:50:21","guid":{"rendered":"http:\/\/laurenceperrin-hypnose.com\/?page_id=68"},"modified":"2025-06-22T16:38:59","modified_gmt":"2025-06-22T14:38:59","slug":"champs-dactions-et-bienfaits","status":"publish","type":"page","link":"https:\/\/laurenceperrin-hypnose.com\/index.php\/champs-dactions-et-bienfaits\/","title":{"rendered":"Les bienfaits de l\u2019Hypnose"},"content":{"rendered":"\n<div class=\"wp-block-columns is-layout-flex wp-container-core-columns-is-layout-9d6595d7 wp-block-columns-is-layout-flex\">\n<div class=\"wp-block-column is-layout-flow wp-block-column-is-layout-flow\">\n<img src='https:\/\/laurenceperrin-hypnose.com\/wp-content\/uploads\/2023\/01\/telephone-1.png' width='10%'><a href='tel:0650704079'> 06 50 70 40 79<\/a><br \/><a href=\"https:\/\/perfactive.fr\/laurence-perrin\/book\" target=\"_blank\" rel=\"noopener\"><img decoding=\"async\" src=\"https:\/\/laurenceperrin-hypnose.com\/wp-content\/uploads\/2022\/12\/calendrier.png\" alt=\"prendre rendez-vous\" title=\"prendre rendez-vous\" width=\"120px\"><\/a>\n<\/div>\n\n\n\n<div class=\"wp-block-column is-layout-flow wp-block-column-is-layout-flow\"><\/div>\n<\/div>\n\n\n\n<figure class=\"wp-block-image size-full is-resized\"><img fetchpriority=\"high\" decoding=\"async\" width=\"334\" height=\"151\" src=\"https:\/\/laurenceperrin-hypnose.com\/wp-content\/uploads\/2022\/12\/tabac.jpg\" alt=\"\" class=\"wp-image-250\" style=\"width:249px;height:112px\" srcset=\"https:\/\/laurenceperrin-hypnose.com\/wp-content\/uploads\/2022\/12\/tabac.jpg 334w, https:\/\/laurenceperrin-hypnose.com\/wp-content\/uploads\/2022\/12\/tabac-300x136.jpg 300w\" sizes=\"(max-width: 334px) 100vw, 334px\" \/><\/figure>\n\n\n\n<p class=\"has-white-color has-text-color has-background has-medium-font-size\" style=\"background-color:#249da6\"><strong>Un accompagnement d\u00e9di\u00e9 <\/strong><br>&#8211; <strong>arr\u00eat du tabac : <\/strong> <em>efficacit\u00e9 en 3 s\u00e9ances<\/em><br>&#8211; <strong>confiance en soi \/ estime de soi <\/strong>: <em>reconnexion \u00e0 son moi profond, plus en accord et \u00e0 sa place<\/em><br>&#8211; <strong>gestion du stress :<\/strong> <em>plus de s\u00e9r\u00e9nit\u00e9 et de distance<\/em><br>&#8211; <strong>anxi\u00e9t\u00e9 et angoisses<\/strong> : <em>une meilleure ma\u00eetrise \u00e9motionnelle<\/em><br>&#8211; <strong>burn out :<\/strong> <em>se poser, se reposer et se retrouver<\/em><br>&#8211; <strong>r\u00e9gulation du poids (surpoids)<\/strong> : <em>r\u00e9guli\u00e8re, respectueuse et sans frustration<\/em>.<\/p>\n\n\n\n<p class=\"has-text-color has-medium-font-size\" style=\"color:#249da6\"><strong>Et aussi efficace pour&#8230;<\/strong><\/p>\n\n\n\n<ul class=\"wp-block-list\">\n<li>addictions et compulsions<\/li>\n\n\n\n<li>troubles du sommeil<\/li>\n\n\n\n<li>timidit\u00e9<\/li>\n\n\n\n<li>\u00e9tat d\u00e9pressif<\/li>\n\n\n\n<li>blocages<\/li>\n\n\n\n<li>souvenirs traumatisants<\/li>\n\n\n\n<li>deuils<\/li>\n\n\n\n<li>Troubles du Comportement Alimentaire<\/li>\n\n\n\n<li>gestion de la douleur<\/li>\n\n\n\n<li>acouph\u00e8nes<\/li>\n\n\n\n<li>affections de la peau<\/li>\n\n\n\n<li>pr\u00e9paration \u00e0 la grossesse<\/li>\n\n\n\n<li>cr\u00e9ativit\u00e9<\/li>\n\n\n\n<li>am\u00e9lioration des performances<\/li>\n\n\n\n<li>concentration, m\u00e9moire<\/li>\n\n\n\n<li>baisse d&#8217;\u00e9nergie ou de moral<\/li>\n\n\n\n<li>pr\u00e9paration mentale<\/li>\n\n\n\n<li>\u2026<\/li>\n<\/ul>\n\n\n\n<p><em>La liste suivante est non exhaustive<\/em><\/p>\n\n\n\n<figure class=\"wp-block-image size-large is-resized\"><img decoding=\"async\" width=\"1024\" height=\"683\" src=\"https:\/\/laurenceperrin-hypnose.com\/wp-content\/uploads\/2022\/12\/poids-1024x683.jpg\" alt=\"\" class=\"wp-image-247\" style=\"width:327px;height:217px\" srcset=\"https:\/\/laurenceperrin-hypnose.com\/wp-content\/uploads\/2022\/12\/poids-1024x683.jpg 1024w, https:\/\/laurenceperrin-hypnose.com\/wp-content\/uploads\/2022\/12\/poids-300x200.jpg 300w, https:\/\/laurenceperrin-hypnose.com\/wp-content\/uploads\/2022\/12\/poids-768x512.jpg 768w, https:\/\/laurenceperrin-hypnose.com\/wp-content\/uploads\/2022\/12\/poids-1536x1024.jpg 1536w, https:\/\/laurenceperrin-hypnose.com\/wp-content\/uploads\/2022\/12\/poids-2048x1365.jpg 2048w\" sizes=\"(max-width: 1024px) 100vw, 1024px\" \/><\/figure>\n\n\n\n<p>L\u2019hypnose peut venir en compl\u00e9ment des traitements classiques<\/p>\n\n\n\n<p>Le praticien n&#8217;est pas un gu\u00e9risseur ni un m\u00e9decin, il ne fait pas de diagnostic et se met au service de la personne.<\/p>\n\n\n\n<p><a href=\"https:\/\/perfactive.fr\/laurence-perrin\/new?\" target=\"_blank\" rel=\"noreferrer noopener\">Prendre rendez-vous<\/a><\/p>\n","protected":false},"excerpt":{"rendered":"<p>06 50 70 40 79 Un accompagnement d\u00e9di\u00e9 &#8211; arr\u00eat du tabac : efficacit\u00e9 en 3 s\u00e9ances&#8211; confiance en soi \/ estime de soi : reconnexion \u00e0 son moi profond, plus en accord et \u00e0 sa place&#8211; gestion du stress : plus de s\u00e9r\u00e9nit\u00e9 et de distance&#8211; anxi\u00e9t\u00e9 et angoisses : une meilleure ma\u00eetrise \u00e9motionnelle&#8211;&hellip; <a class=\"more-link\" href=\"https:\/\/laurenceperrin-hypnose.com\/index.php\/champs-dactions-et-bienfaits\/\">Continue reading <span class=\"screen-reader-text\">Les bienfaits de l\u2019Hypnose<\/span><\/a><\/p>\n","protected":false},"author":1,"featured_media":0,"parent":0,"menu_order":0,"comment_status":"closed","ping_status":"closed","template":"","meta":{"footnotes":""},"class_list":["post-68","page","type-page","status-publish","hentry","entry"],"yoast_head":"<!-- This site is optimized with the Yoast SEO plugin v21.9.1 - https:\/\/yoast.com\/wordpress\/plugins\/seo\/ -->\n<title>Les bienfaits de l\u2019Hypnose - Laurence Perrin Hypnose Levallois<\/title>\n<meta name=\"robots\" content=\"index, follow, max-snippet:-1, max-image-preview:large, max-video-preview:-1\" \/>\n<link rel=\"canonical\" href=\"https:\/\/laurenceperrin-hypnose.com\/index.php\/champs-dactions-et-bienfaits\/\" \/>\n<meta property=\"og:locale\" content=\"en_US\" \/>\n<meta property=\"og:type\" content=\"article\" \/>\n<meta property=\"og:title\" content=\"Les bienfaits de l\u2019Hypnose - Laurence Perrin Hypnose Levallois\" \/>\n<meta property=\"og:description\" content=\"06 50 70 40 79 Un accompagnement d\u00e9di\u00e9 &#8211; arr\u00eat du tabac : efficacit\u00e9 en 3 s\u00e9ances&#8211; confiance en soi \/ estime de soi : reconnexion \u00e0 son moi profond, plus en accord et \u00e0 sa place&#8211; gestion du stress : plus de s\u00e9r\u00e9nit\u00e9 et de distance&#8211; anxi\u00e9t\u00e9 et angoisses : une meilleure ma\u00eetrise \u00e9motionnelle&#8211;&hellip; Continue reading Les bienfaits de l\u2019Hypnose\" \/>\n<meta property=\"og:url\" content=\"https:\/\/laurenceperrin-hypnose.com\/index.php\/champs-dactions-et-bienfaits\/\" \/>\n<meta property=\"og:site_name\" content=\"Laurence Perrin Hypnose Levallois\" \/>\n<meta property=\"article:modified_time\" content=\"2025-06-22T14:38:59+00:00\" \/>\n<meta property=\"og:image\" content=\"https:\/\/laurenceperrin-hypnose.com\/wp-content\/uploads\/2023\/01\/telephone-1.png\" \/>\n<meta name=\"twitter:card\" content=\"summary_large_image\" \/>\n<meta name=\"twitter:label1\" content=\"Est. reading time\" \/>\n\t<meta name=\"twitter:data1\" content=\"2 minutes\" \/>\n<script type=\"application\/ld+json\" class=\"yoast-schema-graph\">{\"@context\":\"https:\/\/schema.org\",\"@graph\":[{\"@type\":\"WebPage\",\"@id\":\"https:\/\/laurenceperrin-hypnose.com\/index.php\/champs-dactions-et-bienfaits\/\",\"url\":\"https:\/\/laurenceperrin-hypnose.com\/index.php\/champs-dactions-et-bienfaits\/\",\"name\":\"Les bienfaits de l\u2019Hypnose - Laurence Perrin Hypnose Levallois\",\"isPartOf\":{\"@id\":\"https:\/\/laurenceperrin-hypnose.com\/#website\"},\"datePublished\":\"2022-09-16T08:50:21+00:00\",\"dateModified\":\"2025-06-22T14:38:59+00:00\",\"breadcrumb\":{\"@id\":\"https:\/\/laurenceperrin-hypnose.com\/index.php\/champs-dactions-et-bienfaits\/#breadcrumb\"},\"inLanguage\":\"en-US\",\"potentialAction\":[{\"@type\":\"ReadAction\",\"target\":[\"https:\/\/laurenceperrin-hypnose.com\/index.php\/champs-dactions-et-bienfaits\/\"]}]},{\"@type\":\"BreadcrumbList\",\"@id\":\"https:\/\/laurenceperrin-hypnose.com\/index.php\/champs-dactions-et-bienfaits\/#breadcrumb\",\"itemListElement\":[{\"@type\":\"ListItem\",\"position\":1,\"name\":\"Accueil\",\"item\":\"https:\/\/laurenceperrin-hypnose.com\/\"},{\"@type\":\"ListItem\",\"position\":2,\"name\":\"Les bienfaits de l\u2019Hypnose\"}]},{\"@type\":\"WebSite\",\"@id\":\"https:\/\/laurenceperrin-hypnose.com\/#website\",\"url\":\"https:\/\/laurenceperrin-hypnose.com\/\",\"name\":\"Laurence Perrin Hypnose Levallois\",\"description\":\"HYPNOCOACHING - PNL - RITMO - EFT \",\"publisher\":{\"@id\":\"https:\/\/laurenceperrin-hypnose.com\/#organization\"},\"potentialAction\":[{\"@type\":\"SearchAction\",\"target\":{\"@type\":\"EntryPoint\",\"urlTemplate\":\"https:\/\/laurenceperrin-hypnose.com\/?s={search_term_string}\"},\"query-input\":\"required name=search_term_string\"}],\"inLanguage\":\"en-US\"},{\"@type\":\"Organization\",\"@id\":\"https:\/\/laurenceperrin-hypnose.com\/#organization\",\"name\":\"Laurence Perrin Hypnose Levallois\",\"url\":\"https:\/\/laurenceperrin-hypnose.com\/\",\"logo\":{\"@type\":\"ImageObject\",\"inLanguage\":\"en-US\",\"@id\":\"https:\/\/laurenceperrin-hypnose.com\/#\/schema\/logo\/image\/\",\"url\":\"https:\/\/laurenceperrin-hypnose.com\/wp-content\/uploads\/2022\/09\/Laurence-030-scaled.jpg\",\"contentUrl\":\"https:\/\/laurenceperrin-hypnose.com\/wp-content\/uploads\/2022\/09\/Laurence-030-scaled.jpg\",\"width\":1707,\"height\":2560,\"caption\":\"Laurence Perrin Hypnose Levallois\"},\"image\":{\"@id\":\"https:\/\/laurenceperrin-hypnose.com\/#\/schema\/logo\/image\/\"}}]}<\/script>\n<!-- \/ Yoast SEO plugin. -->","yoast_head_json":{"title":"Les bienfaits de l\u2019Hypnose - Laurence Perrin Hypnose Levallois","robots":{"index":"index","follow":"follow","max-snippet":"max-snippet:-1","max-image-preview":"max-image-preview:large","max-video-preview":"max-video-preview:-1"},"canonical":"https:\/\/laurenceperrin-hypnose.com\/index.php\/champs-dactions-et-bienfaits\/","og_locale":"en_US","og_type":"article","og_title":"Les bienfaits de l\u2019Hypnose - Laurence Perrin Hypnose Levallois","og_description":"06 50 70 40 79 Un accompagnement d\u00e9di\u00e9 &#8211; arr\u00eat du tabac : efficacit\u00e9 en 3 s\u00e9ances&#8211; confiance en soi \/ estime de soi : reconnexion \u00e0 son moi profond, plus en accord et \u00e0 sa place&#8211; gestion du stress : plus de s\u00e9r\u00e9nit\u00e9 et de distance&#8211; anxi\u00e9t\u00e9 et angoisses : une meilleure ma\u00eetrise \u00e9motionnelle&#8211;&hellip; Continue reading Les bienfaits de l\u2019Hypnose","og_url":"https:\/\/laurenceperrin-hypnose.com\/index.php\/champs-dactions-et-bienfaits\/","og_site_name":"Laurence Perrin Hypnose Levallois","article_modified_time":"2025-06-22T14:38:59+00:00","og_image":[{"url":"https:\/\/laurenceperrin-hypnose.com\/wp-content\/uploads\/2023\/01\/telephone-1.png"}],"twitter_card":"summary_large_image","twitter_misc":{"Est. reading time":"2 minutes"},"schema":{"@context":"https:\/\/schema.org","@graph":[{"@type":"WebPage","@id":"https:\/\/laurenceperrin-hypnose.com\/index.php\/champs-dactions-et-bienfaits\/","url":"https:\/\/laurenceperrin-hypnose.com\/index.php\/champs-dactions-et-bienfaits\/","name":"Les bienfaits de l\u2019Hypnose - Laurence Perrin Hypnose Levallois","isPartOf":{"@id":"https:\/\/laurenceperrin-hypnose.com\/#website"},"datePublished":"2022-09-16T08:50:21+00:00","dateModified":"2025-06-22T14:38:59+00:00","breadcrumb":{"@id":"https:\/\/laurenceperrin-hypnose.com\/index.php\/champs-dactions-et-bienfaits\/#breadcrumb"},"inLanguage":"en-US","potentialAction":[{"@type":"ReadAction","target":["https:\/\/laurenceperrin-hypnose.com\/index.php\/champs-dactions-et-bienfaits\/"]}]},{"@type":"BreadcrumbList","@id":"https:\/\/laurenceperrin-hypnose.com\/index.php\/champs-dactions-et-bienfaits\/#breadcrumb","itemListElement":[{"@type":"ListItem","position":1,"name":"Accueil","item":"https:\/\/laurenceperrin-hypnose.com\/"},{"@type":"ListItem","position":2,"name":"Les bienfaits de l\u2019Hypnose"}]},{"@type":"WebSite","@id":"https:\/\/laurenceperrin-hypnose.com\/#website","url":"https:\/\/laurenceperrin-hypnose.com\/","name":"Laurence Perrin Hypnose Levallois","description":"HYPNOCOACHING - PNL - RITMO - EFT ","publisher":{"@id":"https:\/\/laurenceperrin-hypnose.com\/#organization"},"potentialAction":[{"@type":"SearchAction","target":{"@type":"EntryPoint","urlTemplate":"https:\/\/laurenceperrin-hypnose.com\/?s={search_term_string}"},"query-input":"required name=search_term_string"}],"inLanguage":"en-US"},{"@type":"Organization","@id":"https:\/\/laurenceperrin-hypnose.com\/#organization","name":"Laurence Perrin Hypnose Levallois","url":"https:\/\/laurenceperrin-hypnose.com\/","logo":{"@type":"ImageObject","inLanguage":"en-US","@id":"https:\/\/laurenceperrin-hypnose.com\/#\/schema\/logo\/image\/","url":"https:\/\/laurenceperrin-hypnose.com\/wp-content\/uploads\/2022\/09\/Laurence-030-scaled.jpg","contentUrl":"https:\/\/laurenceperrin-hypnose.com\/wp-content\/uploads\/2022\/09\/Laurence-030-scaled.jpg","width":1707,"height":2560,"caption":"Laurence Perrin Hypnose Levallois"},"image":{"@id":"https:\/\/laurenceperrin-hypnose.com\/#\/schema\/logo\/image\/"}}]}},"_links":{"self":[{"href":"https:\/\/laurenceperrin-hypnose.com\/index.php\/wp-json\/wp\/v2\/pages\/68","targetHints":{"allow":["GET"]}}],"collection":[{"href":"https:\/\/laurenceperrin-hypnose.com\/index.php\/wp-json\/wp\/v2\/pages"}],"about":[{"href":"https:\/\/laurenceperrin-hypnose.com\/index.php\/wp-json\/wp\/v2\/types\/page"}],"author":[{"embeddable":true,"href":"https:\/\/laurenceperrin-hypnose.com\/index.php\/wp-json\/wp\/v2\/users\/1"}],"replies":[{"embeddable":true,"href":"https:\/\/laurenceperrin-hypnose.com\/index.php\/wp-json\/wp\/v2\/comments?post=68"}],"version-history":[{"count":25,"href":"https:\/\/laurenceperrin-hypnose.com\/index.php\/wp-json\/wp\/v2\/pages\/68\/revisions"}],"predecessor-version":[{"id":611,"href":"https:\/\/laurenceperrin-hypnose.com\/index.php\/wp-json\/wp\/v2\/pages\/68\/revisions\/611"}],"wp:attachment":[{"href":"https:\/\/laurenceperrin-hypnose.com\/index.php\/wp-json\/wp\/v2\/media?parent=68"}],"curies":[{"name":"wp","href":"https:\/\/api.w.org\/{rel}","templated":true}]}}