{"id":66,"date":"2022-09-16T10:49:45","date_gmt":"2022-09-16T08:49:45","guid":{"rendered":"http:\/\/laurenceperrin-hypnose.com\/?page_id=66"},"modified":"2023-04-01T16:12:01","modified_gmt":"2023-04-01T14:12:01","slug":"autres-pratiques","status":"publish","type":"page","link":"https:\/\/laurenceperrin-hypnose.com\/index.php\/autres-pratiques\/","title":{"rendered":"PNL"},"content":{"rendered":"\n<div class=\"wp-block-columns is-layout-flex wp-container-core-columns-is-layout-9d6595d7 wp-block-columns-is-layout-flex\">\n<div class=\"wp-block-column is-layout-flow wp-block-column-is-layout-flow\">\n<img src='https:\/\/laurenceperrin-hypnose.com\/wp-content\/uploads\/2023\/01\/telephone-1.png' width='10%'><a href='tel:0650704079'> 06 50 70 40 79<\/a><br \/><a href=\"https:\/\/perfactive.fr\/laurence-perrin\/book\" target=\"_blank\" rel=\"noopener\"><img decoding=\"async\" src=\"https:\/\/laurenceperrin-hypnose.com\/wp-content\/uploads\/2022\/12\/calendrier.png\" alt=\"prendre rendez-vous\" title=\"prendre rendez-vous\" width=\"120px\"><\/a>\n<\/div>\n\n\n\n<div class=\"wp-block-column is-layout-flow wp-block-column-is-layout-flow\"><\/div>\n<\/div>\n\n\n\n<div class=\"wp-block-media-text alignwide is-stacked-on-mobile\"><figure class=\"wp-block-media-text__media\"><img fetchpriority=\"high\" decoding=\"async\" width=\"450\" height=\"480\" src=\"https:\/\/laurenceperrin-hypnose.com\/wp-content\/uploads\/2023\/01\/marketing-cible.jpg\" alt=\"\" class=\"wp-image-309 size-full\" srcset=\"https:\/\/laurenceperrin-hypnose.com\/wp-content\/uploads\/2023\/01\/marketing-cible.jpg 450w, https:\/\/laurenceperrin-hypnose.com\/wp-content\/uploads\/2023\/01\/marketing-cible-281x300.jpg 281w\" sizes=\"(max-width: 450px) 100vw, 450px\" \/><\/figure><div class=\"wp-block-media-text__content\">\n<p class=\"has-text-color has-medium-font-size\" style=\"color:#249da6\"><strong>Qu\u2019est-ce que la PNL&nbsp;?<\/strong><\/p>\n\n\n\n<p>La <strong>PNL,<\/strong> Programmation Neuro-Linguistique, est un ensemble de pratiques dans le domaine de la psychologie fond\u00e9es sur une d\u00e9marche de mod\u00e9lisation. Elle a \u00e9t\u00e9 \u00e9labor\u00e9e par Richard Bandler et John Grinder dans les ann\u00e9es 1970, aux \u00c9tats-Unis.&nbsp;<\/p>\n\n\n\n<p>La PNL d\u00e9crit &#8220;comment les interactions entre la pens\u00e9e (Neuro) et le langage (Linguistique) organisent le fonctionnement de notre corps et de nos comportements (Programmation) et les r\u00e9sultats que nous obtenons.&#8221; <strong>Robert Dilts<\/strong>.&nbsp;<\/p>\n<\/div><\/div>\n\n\n\n<p class=\"has-text-color\" style=\"color:#249da6\"><strong>Comment \u00e7a marche&nbsp;?<\/strong><\/p>\n\n\n\n<p>\u00c0 travers un ensemble de techniques et de m\u00e9thodes, la PNL aide \u00e0 changer la fa\u00e7on dont un individu per\u00e7oit son environnement. En effet, chaque individu poss\u00e8de sa propre \u00ab&nbsp;carte du monde&nbsp;\u00bb influenc\u00e9e par ses croyances et ses conditionnements.<\/p>\n\n\n\n<p>Le but de la PNL est de modifier cette carte afin de permettre d\u2019atteindre ses objectifs plus efficacement.<\/p>\n\n\n\n<p>La PNL apporte donc les outils n\u00e9cessaires pour op\u00e9rer des changements personnels .<\/p>\n\n\n\n<p>Autrement dit, cela nous am\u00e8ne \u00e0 voir le verre \u00e0 moiti\u00e9 plein plut\u00f4t qu\u2019\u00e0 moiti\u00e9 vide. Il n\u2019y a pas d\u2019\u00e9checs, il n\u2019y a que des exp\u00e9riences qui nous enseignent et nous permettent d\u2019\u00e9voluer.<\/p>\n\n\n\n<p>La PNL se pr\u00e9occupe avant tout du \u00ab Comment faire pour que \u00e7a fonctionne bien ? \u00bb plut\u00f4t que du \u00ab Pourquoi \u00e7a ne fonctionne pas ? \u00bb<\/p>\n\n\n\n<p class=\"has-text-color\" style=\"color:#249da6\"><strong>Les b\u00e9n\u00e9fices de la PNL<\/strong><\/p>\n\n\n\n<p>Cette technique permet de modifier nos comportements en y apportant des modifications d\u00e9sir\u00e9es.&nbsp;<\/p>\n\n\n\n<p>Les champs d\u2019application sont tr\u00e8s proches de ceux de l\u2019hypnose, comme l\u2019anxi\u00e9t\u00e9, les phobies, la gestion des \u00e9motions, la confiance en soi\u2026..<\/p>\n\n\n\n<p class=\"has-text-color\" style=\"color:#249da6\"><strong>D\u00e9roulement d&#8217;une s\u00e9ance<\/strong><\/p>\n\n\n\n<ul class=\"wp-block-list\">\n<li>La premi\u00e8re s\u00e9ance est sous forme conversationnelle. Nous allons identifier la probl\u00e9matique et d\u00e9terminer l\u2019objectif au travers d\u2019un ensemble de questions<\/li>\n\n\n\n<li>Ensuite en fonction de vos r\u00e9ponses, je proposerai des outils afin de lever les blocages inconscients et de favoriser le changement d\u00e9sir\u00e9.<\/li>\n\n\n\n<li>il s\u2019agit de cr\u00e9er des s\u00e9ances \u00e0 votre mesure, chaque s\u00e9ance est diff\u00e9rente.<\/li>\n\n\n\n<li>Vous vous appropriez des outils afin d\u2019\u00eatre autonome en cas de besoin.<\/li>\n<\/ul>\n\n\n\n<p><\/p>\n\n\n\n<p><a href=\"https:\/\/perfactive.fr\/laurence-perrin\/book\" target=\"_blank\" rel=\"noreferrer noopener\">Prendre rendez-vous<\/a><\/p>\n","protected":false},"excerpt":{"rendered":"<p>06 50 70 40 79 Qu\u2019est-ce que la PNL&nbsp;? La PNL, Programmation Neuro-Linguistique, est un ensemble de pratiques dans le domaine de la psychologie fond\u00e9es sur une d\u00e9marche de mod\u00e9lisation. Elle a \u00e9t\u00e9 \u00e9labor\u00e9e par Richard Bandler et John Grinder dans les ann\u00e9es 1970, aux \u00c9tats-Unis.&nbsp; La PNL d\u00e9crit &#8220;comment les interactions entre la pens\u00e9e&hellip; <a class=\"more-link\" href=\"https:\/\/laurenceperrin-hypnose.com\/index.php\/autres-pratiques\/\">Continue reading <span class=\"screen-reader-text\">PNL<\/span><\/a><\/p>\n","protected":false},"author":1,"featured_media":0,"parent":0,"menu_order":0,"comment_status":"closed","ping_status":"closed","template":"","meta":{"footnotes":""},"class_list":["post-66","page","type-page","status-publish","hentry","entry"],"yoast_head":"<!-- This site is optimized with the Yoast SEO plugin v21.9.1 - https:\/\/yoast.com\/wordpress\/plugins\/seo\/ -->\n<title>PNL - Laurence Perrin Hypnose Levallois<\/title>\n<meta name=\"robots\" content=\"index, follow, max-snippet:-1, max-image-preview:large, max-video-preview:-1\" \/>\n<link rel=\"canonical\" href=\"https:\/\/laurenceperrin-hypnose.com\/index.php\/autres-pratiques\/\" \/>\n<meta property=\"og:locale\" content=\"en_US\" \/>\n<meta property=\"og:type\" content=\"article\" \/>\n<meta property=\"og:title\" content=\"PNL - Laurence Perrin Hypnose Levallois\" \/>\n<meta property=\"og:description\" content=\"06 50 70 40 79 Qu\u2019est-ce que la PNL&nbsp;? La PNL, Programmation Neuro-Linguistique, est un ensemble de pratiques dans le domaine de la psychologie fond\u00e9es sur une d\u00e9marche de mod\u00e9lisation. Elle a \u00e9t\u00e9 \u00e9labor\u00e9e par Richard Bandler et John Grinder dans les ann\u00e9es 1970, aux \u00c9tats-Unis.&nbsp; La PNL d\u00e9crit &#8220;comment les interactions entre la pens\u00e9e&hellip; Continue reading PNL\" \/>\n<meta property=\"og:url\" content=\"https:\/\/laurenceperrin-hypnose.com\/index.php\/autres-pratiques\/\" \/>\n<meta property=\"og:site_name\" content=\"Laurence Perrin Hypnose Levallois\" \/>\n<meta property=\"article:modified_time\" content=\"2023-04-01T14:12:01+00:00\" \/>\n<meta property=\"og:image\" content=\"https:\/\/laurenceperrin-hypnose.com\/wp-content\/uploads\/2023\/01\/telephone-1.png\" \/>\n<meta name=\"twitter:card\" content=\"summary_large_image\" \/>\n<meta name=\"twitter:label1\" content=\"Est. reading time\" \/>\n\t<meta name=\"twitter:data1\" content=\"2 minutes\" \/>\n<script type=\"application\/ld+json\" class=\"yoast-schema-graph\">{\"@context\":\"https:\/\/schema.org\",\"@graph\":[{\"@type\":\"WebPage\",\"@id\":\"https:\/\/laurenceperrin-hypnose.com\/index.php\/autres-pratiques\/\",\"url\":\"https:\/\/laurenceperrin-hypnose.com\/index.php\/autres-pratiques\/\",\"name\":\"PNL - Laurence Perrin Hypnose Levallois\",\"isPartOf\":{\"@id\":\"https:\/\/laurenceperrin-hypnose.com\/#website\"},\"datePublished\":\"2022-09-16T08:49:45+00:00\",\"dateModified\":\"2023-04-01T14:12:01+00:00\",\"breadcrumb\":{\"@id\":\"https:\/\/laurenceperrin-hypnose.com\/index.php\/autres-pratiques\/#breadcrumb\"},\"inLanguage\":\"en-US\",\"potentialAction\":[{\"@type\":\"ReadAction\",\"target\":[\"https:\/\/laurenceperrin-hypnose.com\/index.php\/autres-pratiques\/\"]}]},{\"@type\":\"BreadcrumbList\",\"@id\":\"https:\/\/laurenceperrin-hypnose.com\/index.php\/autres-pratiques\/#breadcrumb\",\"itemListElement\":[{\"@type\":\"ListItem\",\"position\":1,\"name\":\"Accueil\",\"item\":\"https:\/\/laurenceperrin-hypnose.com\/\"},{\"@type\":\"ListItem\",\"position\":2,\"name\":\"PNL\"}]},{\"@type\":\"WebSite\",\"@id\":\"https:\/\/laurenceperrin-hypnose.com\/#website\",\"url\":\"https:\/\/laurenceperrin-hypnose.com\/\",\"name\":\"Laurence Perrin Hypnose Levallois\",\"description\":\"HYPNOCOACHING - PNL - RITMO - EFT \",\"publisher\":{\"@id\":\"https:\/\/laurenceperrin-hypnose.com\/#organization\"},\"potentialAction\":[{\"@type\":\"SearchAction\",\"target\":{\"@type\":\"EntryPoint\",\"urlTemplate\":\"https:\/\/laurenceperrin-hypnose.com\/?s={search_term_string}\"},\"query-input\":\"required name=search_term_string\"}],\"inLanguage\":\"en-US\"},{\"@type\":\"Organization\",\"@id\":\"https:\/\/laurenceperrin-hypnose.com\/#organization\",\"name\":\"Laurence Perrin Hypnose Levallois\",\"url\":\"https:\/\/laurenceperrin-hypnose.com\/\",\"logo\":{\"@type\":\"ImageObject\",\"inLanguage\":\"en-US\",\"@id\":\"https:\/\/laurenceperrin-hypnose.com\/#\/schema\/logo\/image\/\",\"url\":\"https:\/\/laurenceperrin-hypnose.com\/wp-content\/uploads\/2022\/09\/Laurence-030-scaled.jpg\",\"contentUrl\":\"https:\/\/laurenceperrin-hypnose.com\/wp-content\/uploads\/2022\/09\/Laurence-030-scaled.jpg\",\"width\":1707,\"height\":2560,\"caption\":\"Laurence Perrin Hypnose Levallois\"},\"image\":{\"@id\":\"https:\/\/laurenceperrin-hypnose.com\/#\/schema\/logo\/image\/\"}}]}<\/script>\n<!-- \/ Yoast SEO plugin. -->","yoast_head_json":{"title":"PNL - Laurence Perrin Hypnose Levallois","robots":{"index":"index","follow":"follow","max-snippet":"max-snippet:-1","max-image-preview":"max-image-preview:large","max-video-preview":"max-video-preview:-1"},"canonical":"https:\/\/laurenceperrin-hypnose.com\/index.php\/autres-pratiques\/","og_locale":"en_US","og_type":"article","og_title":"PNL - Laurence Perrin Hypnose Levallois","og_description":"06 50 70 40 79 Qu\u2019est-ce que la PNL&nbsp;? La PNL, Programmation Neuro-Linguistique, est un ensemble de pratiques dans le domaine de la psychologie fond\u00e9es sur une d\u00e9marche de mod\u00e9lisation. Elle a \u00e9t\u00e9 \u00e9labor\u00e9e par Richard Bandler et John Grinder dans les ann\u00e9es 1970, aux \u00c9tats-Unis.&nbsp; La PNL d\u00e9crit &#8220;comment les interactions entre la pens\u00e9e&hellip; Continue reading PNL","og_url":"https:\/\/laurenceperrin-hypnose.com\/index.php\/autres-pratiques\/","og_site_name":"Laurence Perrin Hypnose Levallois","article_modified_time":"2023-04-01T14:12:01+00:00","og_image":[{"url":"https:\/\/laurenceperrin-hypnose.com\/wp-content\/uploads\/2023\/01\/telephone-1.png"}],"twitter_card":"summary_large_image","twitter_misc":{"Est. reading time":"2 minutes"},"schema":{"@context":"https:\/\/schema.org","@graph":[{"@type":"WebPage","@id":"https:\/\/laurenceperrin-hypnose.com\/index.php\/autres-pratiques\/","url":"https:\/\/laurenceperrin-hypnose.com\/index.php\/autres-pratiques\/","name":"PNL - Laurence Perrin Hypnose Levallois","isPartOf":{"@id":"https:\/\/laurenceperrin-hypnose.com\/#website"},"datePublished":"2022-09-16T08:49:45+00:00","dateModified":"2023-04-01T14:12:01+00:00","breadcrumb":{"@id":"https:\/\/laurenceperrin-hypnose.com\/index.php\/autres-pratiques\/#breadcrumb"},"inLanguage":"en-US","potentialAction":[{"@type":"ReadAction","target":["https:\/\/laurenceperrin-hypnose.com\/index.php\/autres-pratiques\/"]}]},{"@type":"BreadcrumbList","@id":"https:\/\/laurenceperrin-hypnose.com\/index.php\/autres-pratiques\/#breadcrumb","itemListElement":[{"@type":"ListItem","position":1,"name":"Accueil","item":"https:\/\/laurenceperrin-hypnose.com\/"},{"@type":"ListItem","position":2,"name":"PNL"}]},{"@type":"WebSite","@id":"https:\/\/laurenceperrin-hypnose.com\/#website","url":"https:\/\/laurenceperrin-hypnose.com\/","name":"Laurence Perrin Hypnose Levallois","description":"HYPNOCOACHING - PNL - RITMO - EFT ","publisher":{"@id":"https:\/\/laurenceperrin-hypnose.com\/#organization"},"potentialAction":[{"@type":"SearchAction","target":{"@type":"EntryPoint","urlTemplate":"https:\/\/laurenceperrin-hypnose.com\/?s={search_term_string}"},"query-input":"required name=search_term_string"}],"inLanguage":"en-US"},{"@type":"Organization","@id":"https:\/\/laurenceperrin-hypnose.com\/#organization","name":"Laurence Perrin Hypnose Levallois","url":"https:\/\/laurenceperrin-hypnose.com\/","logo":{"@type":"ImageObject","inLanguage":"en-US","@id":"https:\/\/laurenceperrin-hypnose.com\/#\/schema\/logo\/image\/","url":"https:\/\/laurenceperrin-hypnose.com\/wp-content\/uploads\/2022\/09\/Laurence-030-scaled.jpg","contentUrl":"https:\/\/laurenceperrin-hypnose.com\/wp-content\/uploads\/2022\/09\/Laurence-030-scaled.jpg","width":1707,"height":2560,"caption":"Laurence Perrin Hypnose Levallois"},"image":{"@id":"https:\/\/laurenceperrin-hypnose.com\/#\/schema\/logo\/image\/"}}]}},"_links":{"self":[{"href":"https:\/\/laurenceperrin-hypnose.com\/index.php\/wp-json\/wp\/v2\/pages\/66","targetHints":{"allow":["GET"]}}],"collection":[{"href":"https:\/\/laurenceperrin-hypnose.com\/index.php\/wp-json\/wp\/v2\/pages"}],"about":[{"href":"https:\/\/laurenceperrin-hypnose.com\/index.php\/wp-json\/wp\/v2\/types\/page"}],"author":[{"embeddable":true,"href":"https:\/\/laurenceperrin-hypnose.com\/index.php\/wp-json\/wp\/v2\/users\/1"}],"replies":[{"embeddable":true,"href":"https:\/\/laurenceperrin-hypnose.com\/index.php\/wp-json\/wp\/v2\/comments?post=66"}],"version-history":[{"count":22,"href":"https:\/\/laurenceperrin-hypnose.com\/index.php\/wp-json\/wp\/v2\/pages\/66\/revisions"}],"predecessor-version":[{"id":520,"href":"https:\/\/laurenceperrin-hypnose.com\/index.php\/wp-json\/wp\/v2\/pages\/66\/revisions\/520"}],"wp:attachment":[{"href":"https:\/\/laurenceperrin-hypnose.com\/index.php\/wp-json\/wp\/v2\/media?parent=66"}],"curies":[{"name":"wp","href":"https:\/\/api.w.org\/{rel}","templated":true}]}}