{"id":397,"date":"2023-01-23T10:55:53","date_gmt":"2023-01-23T09:55:53","guid":{"rendered":"https:\/\/laurenceperrin-hypnose.com\/?page_id=397"},"modified":"2023-01-30T14:11:36","modified_gmt":"2023-01-30T13:11:36","slug":"ecouter-une-seance","status":"publish","type":"page","link":"https:\/\/laurenceperrin-hypnose.com\/index.php\/ecouter-une-seance\/","title":{"rendered":"Ecouter une s\u00e9ance"},"content":{"rendered":"\n<p class=\"has-text-color\" style=\"color:#249da6\"><strong>Burn out<\/strong><\/p>\n\n\n\n<div class=\"wp-block-columns is-layout-flex wp-container-core-columns-is-layout-9d6595d7 wp-block-columns-is-layout-flex\">\n<div class=\"wp-block-column is-layout-flow wp-block-column-is-layout-flow\">\n<figure class=\"wp-block-image size-large\"><img fetchpriority=\"high\" decoding=\"async\" width=\"1024\" height=\"683\" src=\"https:\/\/laurenceperrin-hypnose.com\/wp-content\/uploads\/2023\/01\/angoisse-1024x683.jpg\" alt=\"\" class=\"wp-image-402\" srcset=\"https:\/\/laurenceperrin-hypnose.com\/wp-content\/uploads\/2023\/01\/angoisse-1024x683.jpg 1024w, https:\/\/laurenceperrin-hypnose.com\/wp-content\/uploads\/2023\/01\/angoisse-300x200.jpg 300w, https:\/\/laurenceperrin-hypnose.com\/wp-content\/uploads\/2023\/01\/angoisse-768x513.jpg 768w, https:\/\/laurenceperrin-hypnose.com\/wp-content\/uploads\/2023\/01\/angoisse-1536x1025.jpg 1536w, https:\/\/laurenceperrin-hypnose.com\/wp-content\/uploads\/2023\/01\/angoisse-2048x1367.jpg 2048w\" sizes=\"(max-width: 1024px) 100vw, 1024px\" \/><\/figure>\n<\/div>\n\n\n\n<div class=\"wp-block-column is-layout-flow wp-block-column-is-layout-flow\">\n<figure class=\"wp-block-audio\"><audio controls src=\"https:\/\/laurenceperrin-hypnose.com\/wp-content\/uploads\/2023\/01\/TICJO-podcast-zen-Burn-out-_-Laurence-Perrin.mp3\"><\/audio><figcaption class=\"wp-element-caption\">Burn out. TICJO &#8211; podcast zen &#8211; Laurence Perrin<\/figcaption><\/figure>\n<\/div>\n<\/div>\n\n\n\n<p><\/p>\n\n\n\n<p class=\"has-text-color\" style=\"color:#249da6\"><strong>Grignotages<\/strong><\/p>\n\n\n\n<div class=\"wp-block-columns is-layout-flex wp-container-core-columns-is-layout-9d6595d7 wp-block-columns-is-layout-flex\">\n<div class=\"wp-block-column is-layout-flow wp-block-column-is-layout-flow\">\n<figure class=\"wp-block-image size-large is-resized\"><img decoding=\"async\" src=\"https:\/\/laurenceperrin-hypnose.com\/wp-content\/uploads\/2023\/01\/banque-d-images-et-photos-gratuites-libres-de-droits-12-683x1024.jpg\" alt=\"\" class=\"wp-image-403\" width=\"184\" height=\"275\" srcset=\"https:\/\/laurenceperrin-hypnose.com\/wp-content\/uploads\/2023\/01\/banque-d-images-et-photos-gratuites-libres-de-droits-12-683x1024.jpg 683w, https:\/\/laurenceperrin-hypnose.com\/wp-content\/uploads\/2023\/01\/banque-d-images-et-photos-gratuites-libres-de-droits-12-200x300.jpg 200w, https:\/\/laurenceperrin-hypnose.com\/wp-content\/uploads\/2023\/01\/banque-d-images-et-photos-gratuites-libres-de-droits-12-768x1152.jpg 768w, https:\/\/laurenceperrin-hypnose.com\/wp-content\/uploads\/2023\/01\/banque-d-images-et-photos-gratuites-libres-de-droits-12-1024x1536.jpg 1024w, https:\/\/laurenceperrin-hypnose.com\/wp-content\/uploads\/2023\/01\/banque-d-images-et-photos-gratuites-libres-de-droits-12.jpg 1280w\" sizes=\"(max-width: 184px) 100vw, 184px\" \/><\/figure>\n<\/div>\n\n\n\n<div class=\"wp-block-column is-layout-flow wp-block-column-is-layout-flow\">\n<figure class=\"wp-block-audio\"><audio controls src=\"https:\/\/laurenceperrin-hypnose.com\/wp-content\/uploads\/2023\/01\/TICJO-podcast-zen-Grignotages-_-Laurence-Perrin.mp3\"><\/audio><figcaption class=\"wp-element-caption\">Grignotages. TICJO &#8211; podcast zen &#8211; Laurence Perrin<\/figcaption><\/figure>\n<\/div>\n<\/div>\n\n\n\n<p><\/p>\n\n\n\n<p class=\"has-text-color\" style=\"color:#249da6\"><strong>Puissance de l&#8217;inconscient<\/strong><\/p>\n\n\n\n<div class=\"wp-block-columns is-layout-flex wp-container-core-columns-is-layout-9d6595d7 wp-block-columns-is-layout-flex\">\n<div class=\"wp-block-column is-layout-flow wp-block-column-is-layout-flow\">\n<figure class=\"wp-block-image size-large\"><img decoding=\"async\" width=\"1024\" height=\"683\" src=\"https:\/\/laurenceperrin-hypnose.com\/wp-content\/uploads\/2023\/01\/banque-d-images-gratuites-et-libres-de-droits312-1024x683.jpg\" alt=\"\" class=\"wp-image-404\" srcset=\"https:\/\/laurenceperrin-hypnose.com\/wp-content\/uploads\/2023\/01\/banque-d-images-gratuites-et-libres-de-droits312-1024x683.jpg 1024w, https:\/\/laurenceperrin-hypnose.com\/wp-content\/uploads\/2023\/01\/banque-d-images-gratuites-et-libres-de-droits312-300x200.jpg 300w, https:\/\/laurenceperrin-hypnose.com\/wp-content\/uploads\/2023\/01\/banque-d-images-gratuites-et-libres-de-droits312-768x512.jpg 768w, https:\/\/laurenceperrin-hypnose.com\/wp-content\/uploads\/2023\/01\/banque-d-images-gratuites-et-libres-de-droits312-1536x1024.jpg 1536w, https:\/\/laurenceperrin-hypnose.com\/wp-content\/uploads\/2023\/01\/banque-d-images-gratuites-et-libres-de-droits312-2048x1366.jpg 2048w\" sizes=\"(max-width: 1024px) 100vw, 1024px\" \/><\/figure>\n<\/div>\n\n\n\n<div class=\"wp-block-column is-layout-flow wp-block-column-is-layout-flow\">\n<figure class=\"wp-block-audio\"><audio controls src=\"https:\/\/laurenceperrin-hypnose.com\/wp-content\/uploads\/2023\/01\/TICJO-podcast-zen-Puissance-de-linconscient-_-Laurence-Perrin.mp3\"><\/audio><figcaption class=\"wp-element-caption\">Puissance de l&#8217;inconscient. TICJO &#8211; podcast zen &#8211; Laurence Perrin<\/figcaption><\/figure>\n<\/div>\n<\/div>\n\n\n\n<p><\/p>\n\n\n\n<p class=\"has-text-color\" style=\"color:#249da6\"><strong>Arr\u00eat du tabac<\/strong><\/p>\n\n\n\n<div class=\"wp-block-columns is-layout-flex wp-container-core-columns-is-layout-9d6595d7 wp-block-columns-is-layout-flex\">\n<div class=\"wp-block-column is-layout-flow wp-block-column-is-layout-flow\">\n<figure class=\"wp-block-image size-full\"><img loading=\"lazy\" decoding=\"async\" width=\"800\" height=\"533\" src=\"https:\/\/laurenceperrin-hypnose.com\/wp-content\/uploads\/2023\/01\/stop-tabac.jpg\" alt=\"\" class=\"wp-image-405\" srcset=\"https:\/\/laurenceperrin-hypnose.com\/wp-content\/uploads\/2023\/01\/stop-tabac.jpg 800w, https:\/\/laurenceperrin-hypnose.com\/wp-content\/uploads\/2023\/01\/stop-tabac-300x200.jpg 300w, https:\/\/laurenceperrin-hypnose.com\/wp-content\/uploads\/2023\/01\/stop-tabac-768x512.jpg 768w\" sizes=\"(max-width: 800px) 100vw, 800px\" \/><\/figure>\n<\/div>\n\n\n\n<div class=\"wp-block-column is-layout-flow wp-block-column-is-layout-flow\">\n<figure class=\"wp-block-audio\"><audio controls src=\"https:\/\/laurenceperrin-hypnose.com\/wp-content\/uploads\/2023\/01\/TICJO-podcast-zen-Arret-du-tabac-Laurence-Perrin.mp3\"><\/audio><figcaption class=\"wp-element-caption\">Arr\u00eat du tabac. TICJO &#8211; podcast zen &#8211; Laurence Perrin<\/figcaption><\/figure>\n<\/div>\n<\/div>\n\n\n\n<p>Ces audio ont \u00e9t\u00e9 enregistr\u00e9s pour la plateforme de bien \u00eatre TICJO\u00a0<a href=\"http:\/\/www.ticjo.com\/\">www.ticjo.com<\/a><\/p>\n","protected":false},"excerpt":{"rendered":"<p>Burn out Grignotages Puissance de l&#8217;inconscient Arr\u00eat du tabac Ces audio ont \u00e9t\u00e9 enregistr\u00e9s pour la plateforme de bien \u00eatre TICJO\u00a0www.ticjo.com<\/p>\n","protected":false},"author":1,"featured_media":0,"parent":0,"menu_order":0,"comment_status":"closed","ping_status":"closed","template":"","meta":{"footnotes":""},"class_list":["post-397","page","type-page","status-publish","hentry","entry"],"yoast_head":"<!-- This site is optimized with the Yoast SEO plugin v21.9.1 - https:\/\/yoast.com\/wordpress\/plugins\/seo\/ -->\n<title>Ecouter une s\u00e9ance - Laurence Perrin Hypnose Levallois<\/title>\n<meta name=\"robots\" content=\"index, follow, max-snippet:-1, max-image-preview:large, max-video-preview:-1\" \/>\n<link rel=\"canonical\" href=\"https:\/\/laurenceperrin-hypnose.com\/index.php\/ecouter-une-seance\/\" \/>\n<meta property=\"og:locale\" content=\"en_US\" \/>\n<meta property=\"og:type\" content=\"article\" \/>\n<meta property=\"og:title\" content=\"Ecouter une s\u00e9ance - Laurence Perrin Hypnose Levallois\" \/>\n<meta property=\"og:description\" content=\"Burn out Grignotages Puissance de l&#8217;inconscient Arr\u00eat du tabac Ces audio ont \u00e9t\u00e9 enregistr\u00e9s pour la plateforme de bien \u00eatre TICJO\u00a0www.ticjo.com\" \/>\n<meta property=\"og:url\" content=\"https:\/\/laurenceperrin-hypnose.com\/index.php\/ecouter-une-seance\/\" \/>\n<meta property=\"og:site_name\" content=\"Laurence Perrin Hypnose Levallois\" \/>\n<meta property=\"article:modified_time\" content=\"2023-01-30T13:11:36+00:00\" \/>\n<meta property=\"og:image\" content=\"https:\/\/laurenceperrin-hypnose.com\/wp-content\/uploads\/2023\/01\/angoisse-1024x683.jpg\" \/>\n<meta name=\"twitter:card\" content=\"summary_large_image\" \/>\n<script type=\"application\/ld+json\" class=\"yoast-schema-graph\">{\"@context\":\"https:\/\/schema.org\",\"@graph\":[{\"@type\":\"WebPage\",\"@id\":\"https:\/\/laurenceperrin-hypnose.com\/index.php\/ecouter-une-seance\/\",\"url\":\"https:\/\/laurenceperrin-hypnose.com\/index.php\/ecouter-une-seance\/\",\"name\":\"Ecouter une s\u00e9ance - Laurence Perrin Hypnose Levallois\",\"isPartOf\":{\"@id\":\"https:\/\/laurenceperrin-hypnose.com\/#website\"},\"datePublished\":\"2023-01-23T09:55:53+00:00\",\"dateModified\":\"2023-01-30T13:11:36+00:00\",\"breadcrumb\":{\"@id\":\"https:\/\/laurenceperrin-hypnose.com\/index.php\/ecouter-une-seance\/#breadcrumb\"},\"inLanguage\":\"en-US\",\"potentialAction\":[{\"@type\":\"ReadAction\",\"target\":[\"https:\/\/laurenceperrin-hypnose.com\/index.php\/ecouter-une-seance\/\"]}]},{\"@type\":\"BreadcrumbList\",\"@id\":\"https:\/\/laurenceperrin-hypnose.com\/index.php\/ecouter-une-seance\/#breadcrumb\",\"itemListElement\":[{\"@type\":\"ListItem\",\"position\":1,\"name\":\"Accueil\",\"item\":\"https:\/\/laurenceperrin-hypnose.com\/\"},{\"@type\":\"ListItem\",\"position\":2,\"name\":\"Ecouter une s\u00e9ance\"}]},{\"@type\":\"WebSite\",\"@id\":\"https:\/\/laurenceperrin-hypnose.com\/#website\",\"url\":\"https:\/\/laurenceperrin-hypnose.com\/\",\"name\":\"Laurence Perrin Hypnose Levallois\",\"description\":\"HYPNOCOACHING - PNL - RITMO - EFT \",\"publisher\":{\"@id\":\"https:\/\/laurenceperrin-hypnose.com\/#organization\"},\"potentialAction\":[{\"@type\":\"SearchAction\",\"target\":{\"@type\":\"EntryPoint\",\"urlTemplate\":\"https:\/\/laurenceperrin-hypnose.com\/?s={search_term_string}\"},\"query-input\":\"required name=search_term_string\"}],\"inLanguage\":\"en-US\"},{\"@type\":\"Organization\",\"@id\":\"https:\/\/laurenceperrin-hypnose.com\/#organization\",\"name\":\"Laurence Perrin Hypnose Levallois\",\"url\":\"https:\/\/laurenceperrin-hypnose.com\/\",\"logo\":{\"@type\":\"ImageObject\",\"inLanguage\":\"en-US\",\"@id\":\"https:\/\/laurenceperrin-hypnose.com\/#\/schema\/logo\/image\/\",\"url\":\"https:\/\/laurenceperrin-hypnose.com\/wp-content\/uploads\/2022\/09\/Laurence-030-scaled.jpg\",\"contentUrl\":\"https:\/\/laurenceperrin-hypnose.com\/wp-content\/uploads\/2022\/09\/Laurence-030-scaled.jpg\",\"width\":1707,\"height\":2560,\"caption\":\"Laurence Perrin Hypnose Levallois\"},\"image\":{\"@id\":\"https:\/\/laurenceperrin-hypnose.com\/#\/schema\/logo\/image\/\"}}]}<\/script>\n<!-- \/ Yoast SEO plugin. -->","yoast_head_json":{"title":"Ecouter une s\u00e9ance - Laurence Perrin Hypnose Levallois","robots":{"index":"index","follow":"follow","max-snippet":"max-snippet:-1","max-image-preview":"max-image-preview:large","max-video-preview":"max-video-preview:-1"},"canonical":"https:\/\/laurenceperrin-hypnose.com\/index.php\/ecouter-une-seance\/","og_locale":"en_US","og_type":"article","og_title":"Ecouter une s\u00e9ance - Laurence Perrin Hypnose Levallois","og_description":"Burn out Grignotages Puissance de l&#8217;inconscient Arr\u00eat du tabac Ces audio ont \u00e9t\u00e9 enregistr\u00e9s pour la plateforme de bien \u00eatre TICJO\u00a0www.ticjo.com","og_url":"https:\/\/laurenceperrin-hypnose.com\/index.php\/ecouter-une-seance\/","og_site_name":"Laurence Perrin Hypnose Levallois","article_modified_time":"2023-01-30T13:11:36+00:00","og_image":[{"url":"https:\/\/laurenceperrin-hypnose.com\/wp-content\/uploads\/2023\/01\/angoisse-1024x683.jpg"}],"twitter_card":"summary_large_image","schema":{"@context":"https:\/\/schema.org","@graph":[{"@type":"WebPage","@id":"https:\/\/laurenceperrin-hypnose.com\/index.php\/ecouter-une-seance\/","url":"https:\/\/laurenceperrin-hypnose.com\/index.php\/ecouter-une-seance\/","name":"Ecouter une s\u00e9ance - Laurence Perrin Hypnose Levallois","isPartOf":{"@id":"https:\/\/laurenceperrin-hypnose.com\/#website"},"datePublished":"2023-01-23T09:55:53+00:00","dateModified":"2023-01-30T13:11:36+00:00","breadcrumb":{"@id":"https:\/\/laurenceperrin-hypnose.com\/index.php\/ecouter-une-seance\/#breadcrumb"},"inLanguage":"en-US","potentialAction":[{"@type":"ReadAction","target":["https:\/\/laurenceperrin-hypnose.com\/index.php\/ecouter-une-seance\/"]}]},{"@type":"BreadcrumbList","@id":"https:\/\/laurenceperrin-hypnose.com\/index.php\/ecouter-une-seance\/#breadcrumb","itemListElement":[{"@type":"ListItem","position":1,"name":"Accueil","item":"https:\/\/laurenceperrin-hypnose.com\/"},{"@type":"ListItem","position":2,"name":"Ecouter une s\u00e9ance"}]},{"@type":"WebSite","@id":"https:\/\/laurenceperrin-hypnose.com\/#website","url":"https:\/\/laurenceperrin-hypnose.com\/","name":"Laurence Perrin Hypnose Levallois","description":"HYPNOCOACHING - PNL - RITMO - EFT ","publisher":{"@id":"https:\/\/laurenceperrin-hypnose.com\/#organization"},"potentialAction":[{"@type":"SearchAction","target":{"@type":"EntryPoint","urlTemplate":"https:\/\/laurenceperrin-hypnose.com\/?s={search_term_string}"},"query-input":"required name=search_term_string"}],"inLanguage":"en-US"},{"@type":"Organization","@id":"https:\/\/laurenceperrin-hypnose.com\/#organization","name":"Laurence Perrin Hypnose Levallois","url":"https:\/\/laurenceperrin-hypnose.com\/","logo":{"@type":"ImageObject","inLanguage":"en-US","@id":"https:\/\/laurenceperrin-hypnose.com\/#\/schema\/logo\/image\/","url":"https:\/\/laurenceperrin-hypnose.com\/wp-content\/uploads\/2022\/09\/Laurence-030-scaled.jpg","contentUrl":"https:\/\/laurenceperrin-hypnose.com\/wp-content\/uploads\/2022\/09\/Laurence-030-scaled.jpg","width":1707,"height":2560,"caption":"Laurence Perrin Hypnose Levallois"},"image":{"@id":"https:\/\/laurenceperrin-hypnose.com\/#\/schema\/logo\/image\/"}}]}},"_links":{"self":[{"href":"https:\/\/laurenceperrin-hypnose.com\/index.php\/wp-json\/wp\/v2\/pages\/397","targetHints":{"allow":["GET"]}}],"collection":[{"href":"https:\/\/laurenceperrin-hypnose.com\/index.php\/wp-json\/wp\/v2\/pages"}],"about":[{"href":"https:\/\/laurenceperrin-hypnose.com\/index.php\/wp-json\/wp\/v2\/types\/page"}],"author":[{"embeddable":true,"href":"https:\/\/laurenceperrin-hypnose.com\/index.php\/wp-json\/wp\/v2\/users\/1"}],"replies":[{"embeddable":true,"href":"https:\/\/laurenceperrin-hypnose.com\/index.php\/wp-json\/wp\/v2\/comments?post=397"}],"version-history":[{"count":13,"href":"https:\/\/laurenceperrin-hypnose.com\/index.php\/wp-json\/wp\/v2\/pages\/397\/revisions"}],"predecessor-version":[{"id":424,"href":"https:\/\/laurenceperrin-hypnose.com\/index.php\/wp-json\/wp\/v2\/pages\/397\/revisions\/424"}],"wp:attachment":[{"href":"https:\/\/laurenceperrin-hypnose.com\/index.php\/wp-json\/wp\/v2\/media?parent=397"}],"curies":[{"name":"wp","href":"https:\/\/api.w.org\/{rel}","templated":true}]}}