{"id":116,"date":"2022-12-02T13:39:31","date_gmt":"2022-12-02T12:39:31","guid":{"rendered":"https:\/\/laurenceperrin-hypnose.com\/?page_id=116"},"modified":"2024-09-29T18:06:13","modified_gmt":"2024-09-29T16:06:13","slug":"contact","status":"publish","type":"page","link":"https:\/\/laurenceperrin-hypnose.com\/index.php\/contact\/","title":{"rendered":"Info pratiques"},"content":{"rendered":"\n<div class=\"wp-block-media-text is-stacked-on-mobile\" style=\"grid-template-columns:24% auto\"><figure class=\"wp-block-media-text__media\"><a href=\"https:\/\/perfactive.fr\/laurence-perrin\/book\"><img fetchpriority=\"high\" decoding=\"async\" width=\"1024\" height=\"821\" src=\"https:\/\/laurenceperrin-hypnose.com\/wp-content\/uploads\/2022\/12\/calendrier-1024x821.png\" alt=\"\" class=\"wp-image-200 size-full\" srcset=\"https:\/\/laurenceperrin-hypnose.com\/wp-content\/uploads\/2022\/12\/calendrier-1024x821.png 1024w, https:\/\/laurenceperrin-hypnose.com\/wp-content\/uploads\/2022\/12\/calendrier-300x241.png 300w, https:\/\/laurenceperrin-hypnose.com\/wp-content\/uploads\/2022\/12\/calendrier-768x616.png 768w, https:\/\/laurenceperrin-hypnose.com\/wp-content\/uploads\/2022\/12\/calendrier.png 1429w\" sizes=\"(max-width: 1024px) 100vw, 1024px\" \/><\/a><\/figure><div class=\"wp-block-media-text__content\">\n<p class=\"has-text-color has-medium-font-size\" style=\"color:#249da6\">Laurence Perrin<\/p>\n\n\n\n<p class=\"has-text-align-left\">Hypnose \u2013 Coaching &#8211; PNL &#8211; RITMO &#8211; EFT<br>Ma\u00eetre praticienne certifi\u00e9e<br><strong><a href=\"tel:0650704079\">06 50 70 40 79<\/a><\/strong><\/p>\n<\/div><\/div>\n\n\n\n<figure class=\"wp-block-image size-large is-resized\"><img decoding=\"async\" width=\"1024\" height=\"683\" src=\"https:\/\/laurenceperrin-hypnose.com\/wp-content\/uploads\/2022\/09\/Laurence-008-1024x683.jpg\" alt=\"\" class=\"wp-image-48\" style=\"width:466px;height:310px\" srcset=\"https:\/\/laurenceperrin-hypnose.com\/wp-content\/uploads\/2022\/09\/Laurence-008-1024x683.jpg 1024w, https:\/\/laurenceperrin-hypnose.com\/wp-content\/uploads\/2022\/09\/Laurence-008-300x200.jpg 300w, https:\/\/laurenceperrin-hypnose.com\/wp-content\/uploads\/2022\/09\/Laurence-008-768x512.jpg 768w, https:\/\/laurenceperrin-hypnose.com\/wp-content\/uploads\/2022\/09\/Laurence-008-1536x1024.jpg 1536w, https:\/\/laurenceperrin-hypnose.com\/wp-content\/uploads\/2022\/09\/Laurence-008-2048x1365.jpg 2048w\" sizes=\"(max-width: 1024px) 100vw, 1024px\" \/><\/figure>\n\n\n\n<p class=\"has-black-color has-text-color\">ADRESSE <br>94bis, rue Edouard Vaillant 92300 LEVALLOIS PERRET&nbsp;<\/p>\n\n\n            <script type=\"text\/javascript\">\r\n                jQuery(document).ready(function ($) {\r\n                    var wgm_map = new google.maps.Map(document.getElementById(\"srm_gmp_embed_1\"), {\r\n                        center: new google.maps.LatLng(40.73359922990751,-74.02791395625002),\r\n                        zoom:13,\r\n                        mapTypeId: google.maps.MapTypeId.ROADMAP,\r\n                        scrollwheel: true,\r\n                        zoomControl: true,\r\n                        mapTypeControl: true,\r\n                        streetViewControl: true,\r\n                        fullscreenControl: true,\r\n                        draggable: true,\r\n                        disableDoubleClickZoom: false,\r\n                        panControl: true                    });\r\n                    var wgm_theme_json = '[]';\r\n                    if (wgm_theme_json.length > 0) {\r\n                        wgm_map.setOptions({styles: JSON.parse(wgm_theme_json)});\r\n                    }\r\n                    \/\/ To view directions form and data\r\n                                        var wgm_data_1 = {\r\n                        'action': 'wpgmapembed_p_get_markers_by_map_id',\r\n                        'data': {\r\n                            map_id: '325',\r\n                            ajax_nonce: '7a4d44d700'\r\n                        }\r\n                    };\r\n                    var wgm_ajaxurl_1 = 'https:\/\/laurenceperrin-hypnose.com\/wp-admin\/admin-ajax.php'\r\n                    jQuery.post(wgm_ajaxurl_1, wgm_data_1, function (response) {\r\n                        response = JSON.parse(response);\r\n                        if (response.markers.length === 1) {\r\n                            var wgm_marker_to_1 = response.markers[0].marker_desc.replace(\/&gt;\/g, '>').replace(\/&lt;\/g, '<');\r\n                            jQuery('#srm_gmap_to_1').val(wgm_marker_to_1.replace(\/(<([^>]+)>)\/gi, \"\"));\r\n                        }\r\n                        var wgm_default_marker_icon_1 = 'https:\/\/maps.gstatic.com\/mapfiles\/api-3\/images\/spotlight-poi2.png';\r\n                        if (response.markers.length > 0) {\r\n                            var custom_markers = [];\r\n                            var custom_marker_infowindows = [];\r\n                            response.markers.forEach(function (wgm_marker, i) {\r\n                                var wgm_marker_lat_lng_1 = wgm_marker.lat_lng.split(',');\r\n                                wgm_custom_marker_1 = new google.maps.Marker({\r\n                                    position: new google.maps.LatLng(wgm_marker_lat_lng_1[0], wgm_marker_lat_lng_1[1]),\r\n                                    title: wgm_marker.marker_name,\r\n                                    animation: google.maps.Animation.DROP,\r\n                                    icon: (wgm_marker.icon === '') ? wgm_default_marker_icon_1 : wgm_marker.icon\r\n                                });\r\n                                custom_markers[i] = wgm_custom_marker_1;\r\n                                wgm_custom_marker_1.setMap(wgm_map);\r\n                                var wgm_marker_name_1 = (wgm_marker.marker_name !== null) ? ('<span class=\"info_content_title\" style=\"font-size:18px;font-weight: bold;font-family: Arial;\">'\r\n                                    + wgm_marker.marker_name +\r\n                                    '<\/span><br\/>') : '';\r\n                                wgm_marker.marker_desc = wgm_marker.marker_desc.replace(\/&gt;\/g, '>').replace(\/&lt;\/g, '<');\r\n                                custom_marker_infowindow = new google.maps.InfoWindow({\r\n                                    content: wgm_marker_name_1 + wgm_marker.marker_desc\r\n                                });\r\n                                custom_marker_infowindows[i] = custom_marker_infowindow;\r\n                                if (wgm_marker.show_desc_by_default === '1') {\r\n                                    custom_marker_infowindow.open({\r\n                                        anchor: wgm_custom_marker_1,\r\n                                        shouldFocus: false\r\n                                    });\r\n                                } else {\r\n                                    google.maps.event.addListener(wgm_custom_marker_1, 'click', function () {\r\n                                        custom_marker_infowindows[i].open({\r\n                                            anchor: custom_markers[i],\r\n                                            shouldFocus: false\r\n                                        });\r\n                                    });\r\n                                }\r\n                                if (wgm_marker.have_marker_link === '1') {\r\n                                    google.maps.event.addListener(wgm_custom_marker_1, 'click', function () {\r\n                                        var wgm_target = '_self';\r\n                                        if (wgm_marker.marker_link_new_tab === '1') {\r\n                                            wgm_target = '_blank';\r\n                                        }\r\n                                        window.open(wgm_marker.marker_link, wgm_target);\r\n                                    });\r\n                                }\r\n                            });\r\n                        }\r\n                    });\r\n                });\r\n\r\n            <\/script>\r\n\r\n            <div id=\"srm_gmp_embed_1\"\r\n                 style=\"width:100% !important;height:300px  !important; \">\r\n            <\/div>\r\n                    \n\n\n\n<p><\/p>\n\n\n\n<p>HORAIRES D\u2019OUVERTURE<br>Lundi      12h &#8211; 21h                    Mardi   10h45 &#8211; 21h<br>Mercredi 12h \u2013 21h                   Jeudi    10h45 &#8211; 21h<br>Vendredi 12h &#8211; 21h                   Samedi 10h45 -19h<\/p>\n\n\n\n<p><\/p>\n\n\n\n<p class=\"has-text-color\" style=\"color:#249da6\"><em>PRISE DE RDV EN PERMANENCE<\/em><\/p>\n\n\n\n<p>TARIFS&nbsp;&nbsp;<br>Consultation en pr\u00e9sentiel et consultation vid\u00e9o <strong>&nbsp;90 \u20ac<\/strong><br>\u00c9tudiant, sans emploi &#8211; Consultation d&#8217;hypnoth\u00e9rapie <strong>70 \u20ac&nbsp;<\/strong><br>Forfait arr\u00eat tabac (2 s\u00e9ances + 1) <strong>290 \u20ac<\/strong><br>Forfait stop grignotage (5 s\u00e9ances) <strong>400 \u20ac<\/strong><br>Phobie avion (forfait 4 s\u00e9ances) <strong>320 \u20ac<\/strong><\/p>\n\n\n\n<p>INFO PRATIQUES&nbsp;<br>Les consultations ne sont pas rembours\u00e9es par la S\u00e9curit\u00e9 Sociale.<br>Certaines Mutuelles proposent une prise en charge des s\u00e9ances.<br><strong>Renseignez-vous aupr\u00e8s de votre Mutuelle<\/strong><\/p>\n\n\n\n<p>MOYENS DE PAIEMENT\u00a0<br><strong>ch\u00e8que et esp\u00e8ces<\/strong><\/p>\n\n\n\n<p><\/p>\n","protected":false},"excerpt":{"rendered":"<p>Laurence Perrin Hypnose \u2013 Coaching &#8211; PNL &#8211; RITMO &#8211; EFTMa\u00eetre praticienne certifi\u00e9e06 50 70 40 79 ADRESSE 94bis, rue Edouard Vaillant 92300 LEVALLOIS PERRET&nbsp; HORAIRES D\u2019OUVERTURELundi 12h &#8211; 21h Mardi 10h45 &#8211; 21hMercredi 12h \u2013 21h Jeudi 10h45 &#8211; 21hVendredi 12h &#8211; 21h Samedi 10h45 -19h PRISE DE RDV EN PERMANENCE TARIFS&nbsp;&nbsp;Consultation en pr\u00e9sentiel&hellip; <a class=\"more-link\" href=\"https:\/\/laurenceperrin-hypnose.com\/index.php\/contact\/\">Continue reading <span class=\"screen-reader-text\">Info pratiques<\/span><\/a><\/p>\n","protected":false},"author":1,"featured_media":0,"parent":0,"menu_order":0,"comment_status":"closed","ping_status":"closed","template":"","meta":{"footnotes":""},"class_list":["post-116","page","type-page","status-publish","hentry","entry"],"yoast_head":"<!-- This site is optimized with the Yoast SEO plugin v21.9.1 - https:\/\/yoast.com\/wordpress\/plugins\/seo\/ -->\n<title>Info pratiques - Laurence Perrin Hypnose Levallois<\/title>\n<meta name=\"robots\" content=\"index, follow, max-snippet:-1, max-image-preview:large, max-video-preview:-1\" \/>\n<link rel=\"canonical\" href=\"https:\/\/laurenceperrin-hypnose.com\/index.php\/contact\/\" \/>\n<meta property=\"og:locale\" content=\"en_US\" \/>\n<meta property=\"og:type\" content=\"article\" \/>\n<meta property=\"og:title\" content=\"Info pratiques - Laurence Perrin Hypnose Levallois\" \/>\n<meta property=\"og:description\" content=\"Laurence Perrin Hypnose \u2013 Coaching &#8211; PNL &#8211; RITMO &#8211; EFTMa\u00eetre praticienne certifi\u00e9e06 50 70 40 79 ADRESSE 94bis, rue Edouard Vaillant 92300 LEVALLOIS PERRET&nbsp; HORAIRES D\u2019OUVERTURELundi 12h &#8211; 21h Mardi 10h45 &#8211; 21hMercredi 12h \u2013 21h Jeudi 10h45 &#8211; 21hVendredi 12h &#8211; 21h Samedi 10h45 -19h PRISE DE RDV EN PERMANENCE TARIFS&nbsp;&nbsp;Consultation en pr\u00e9sentiel&hellip; Continue reading Info pratiques\" \/>\n<meta property=\"og:url\" content=\"https:\/\/laurenceperrin-hypnose.com\/index.php\/contact\/\" \/>\n<meta property=\"og:site_name\" content=\"Laurence Perrin Hypnose Levallois\" \/>\n<meta property=\"article:modified_time\" content=\"2024-09-29T16:06:13+00:00\" \/>\n<meta property=\"og:image\" content=\"https:\/\/laurenceperrin-hypnose.com\/wp-content\/uploads\/2022\/12\/calendrier-1024x821.png\" \/>\n<meta name=\"twitter:card\" content=\"summary_large_image\" \/>\n<meta name=\"twitter:label1\" content=\"Est. reading time\" \/>\n\t<meta name=\"twitter:data1\" content=\"1 minute\" \/>\n<script type=\"application\/ld+json\" class=\"yoast-schema-graph\">{\"@context\":\"https:\/\/schema.org\",\"@graph\":[{\"@type\":\"WebPage\",\"@id\":\"https:\/\/laurenceperrin-hypnose.com\/index.php\/contact\/\",\"url\":\"https:\/\/laurenceperrin-hypnose.com\/index.php\/contact\/\",\"name\":\"Info pratiques - Laurence Perrin Hypnose Levallois\",\"isPartOf\":{\"@id\":\"https:\/\/laurenceperrin-hypnose.com\/#website\"},\"datePublished\":\"2022-12-02T12:39:31+00:00\",\"dateModified\":\"2024-09-29T16:06:13+00:00\",\"breadcrumb\":{\"@id\":\"https:\/\/laurenceperrin-hypnose.com\/index.php\/contact\/#breadcrumb\"},\"inLanguage\":\"en-US\",\"potentialAction\":[{\"@type\":\"ReadAction\",\"target\":[\"https:\/\/laurenceperrin-hypnose.com\/index.php\/contact\/\"]}]},{\"@type\":\"BreadcrumbList\",\"@id\":\"https:\/\/laurenceperrin-hypnose.com\/index.php\/contact\/#breadcrumb\",\"itemListElement\":[{\"@type\":\"ListItem\",\"position\":1,\"name\":\"Accueil\",\"item\":\"https:\/\/laurenceperrin-hypnose.com\/\"},{\"@type\":\"ListItem\",\"position\":2,\"name\":\"Info pratiques\"}]},{\"@type\":\"WebSite\",\"@id\":\"https:\/\/laurenceperrin-hypnose.com\/#website\",\"url\":\"https:\/\/laurenceperrin-hypnose.com\/\",\"name\":\"Laurence Perrin Hypnose Levallois\",\"description\":\"HYPNOCOACHING - PNL - RITMO - EFT \",\"publisher\":{\"@id\":\"https:\/\/laurenceperrin-hypnose.com\/#organization\"},\"potentialAction\":[{\"@type\":\"SearchAction\",\"target\":{\"@type\":\"EntryPoint\",\"urlTemplate\":\"https:\/\/laurenceperrin-hypnose.com\/?s={search_term_string}\"},\"query-input\":\"required name=search_term_string\"}],\"inLanguage\":\"en-US\"},{\"@type\":\"Organization\",\"@id\":\"https:\/\/laurenceperrin-hypnose.com\/#organization\",\"name\":\"Laurence Perrin Hypnose Levallois\",\"url\":\"https:\/\/laurenceperrin-hypnose.com\/\",\"logo\":{\"@type\":\"ImageObject\",\"inLanguage\":\"en-US\",\"@id\":\"https:\/\/laurenceperrin-hypnose.com\/#\/schema\/logo\/image\/\",\"url\":\"https:\/\/laurenceperrin-hypnose.com\/wp-content\/uploads\/2022\/09\/Laurence-030-scaled.jpg\",\"contentUrl\":\"https:\/\/laurenceperrin-hypnose.com\/wp-content\/uploads\/2022\/09\/Laurence-030-scaled.jpg\",\"width\":1707,\"height\":2560,\"caption\":\"Laurence Perrin Hypnose Levallois\"},\"image\":{\"@id\":\"https:\/\/laurenceperrin-hypnose.com\/#\/schema\/logo\/image\/\"}}]}<\/script>\n<!-- \/ Yoast SEO plugin. -->","yoast_head_json":{"title":"Info pratiques - Laurence Perrin Hypnose Levallois","robots":{"index":"index","follow":"follow","max-snippet":"max-snippet:-1","max-image-preview":"max-image-preview:large","max-video-preview":"max-video-preview:-1"},"canonical":"https:\/\/laurenceperrin-hypnose.com\/index.php\/contact\/","og_locale":"en_US","og_type":"article","og_title":"Info pratiques - Laurence Perrin Hypnose Levallois","og_description":"Laurence Perrin Hypnose \u2013 Coaching &#8211; PNL &#8211; RITMO &#8211; EFTMa\u00eetre praticienne certifi\u00e9e06 50 70 40 79 ADRESSE 94bis, rue Edouard Vaillant 92300 LEVALLOIS PERRET&nbsp; HORAIRES D\u2019OUVERTURELundi 12h &#8211; 21h Mardi 10h45 &#8211; 21hMercredi 12h \u2013 21h Jeudi 10h45 &#8211; 21hVendredi 12h &#8211; 21h Samedi 10h45 -19h PRISE DE RDV EN PERMANENCE TARIFS&nbsp;&nbsp;Consultation en pr\u00e9sentiel&hellip; Continue reading Info pratiques","og_url":"https:\/\/laurenceperrin-hypnose.com\/index.php\/contact\/","og_site_name":"Laurence Perrin Hypnose Levallois","article_modified_time":"2024-09-29T16:06:13+00:00","og_image":[{"url":"https:\/\/laurenceperrin-hypnose.com\/wp-content\/uploads\/2022\/12\/calendrier-1024x821.png"}],"twitter_card":"summary_large_image","twitter_misc":{"Est. reading time":"1 minute"},"schema":{"@context":"https:\/\/schema.org","@graph":[{"@type":"WebPage","@id":"https:\/\/laurenceperrin-hypnose.com\/index.php\/contact\/","url":"https:\/\/laurenceperrin-hypnose.com\/index.php\/contact\/","name":"Info pratiques - Laurence Perrin Hypnose Levallois","isPartOf":{"@id":"https:\/\/laurenceperrin-hypnose.com\/#website"},"datePublished":"2022-12-02T12:39:31+00:00","dateModified":"2024-09-29T16:06:13+00:00","breadcrumb":{"@id":"https:\/\/laurenceperrin-hypnose.com\/index.php\/contact\/#breadcrumb"},"inLanguage":"en-US","potentialAction":[{"@type":"ReadAction","target":["https:\/\/laurenceperrin-hypnose.com\/index.php\/contact\/"]}]},{"@type":"BreadcrumbList","@id":"https:\/\/laurenceperrin-hypnose.com\/index.php\/contact\/#breadcrumb","itemListElement":[{"@type":"ListItem","position":1,"name":"Accueil","item":"https:\/\/laurenceperrin-hypnose.com\/"},{"@type":"ListItem","position":2,"name":"Info pratiques"}]},{"@type":"WebSite","@id":"https:\/\/laurenceperrin-hypnose.com\/#website","url":"https:\/\/laurenceperrin-hypnose.com\/","name":"Laurence Perrin Hypnose Levallois","description":"HYPNOCOACHING - PNL - RITMO - EFT ","publisher":{"@id":"https:\/\/laurenceperrin-hypnose.com\/#organization"},"potentialAction":[{"@type":"SearchAction","target":{"@type":"EntryPoint","urlTemplate":"https:\/\/laurenceperrin-hypnose.com\/?s={search_term_string}"},"query-input":"required name=search_term_string"}],"inLanguage":"en-US"},{"@type":"Organization","@id":"https:\/\/laurenceperrin-hypnose.com\/#organization","name":"Laurence Perrin Hypnose Levallois","url":"https:\/\/laurenceperrin-hypnose.com\/","logo":{"@type":"ImageObject","inLanguage":"en-US","@id":"https:\/\/laurenceperrin-hypnose.com\/#\/schema\/logo\/image\/","url":"https:\/\/laurenceperrin-hypnose.com\/wp-content\/uploads\/2022\/09\/Laurence-030-scaled.jpg","contentUrl":"https:\/\/laurenceperrin-hypnose.com\/wp-content\/uploads\/2022\/09\/Laurence-030-scaled.jpg","width":1707,"height":2560,"caption":"Laurence Perrin Hypnose Levallois"},"image":{"@id":"https:\/\/laurenceperrin-hypnose.com\/#\/schema\/logo\/image\/"}}]}},"_links":{"self":[{"href":"https:\/\/laurenceperrin-hypnose.com\/index.php\/wp-json\/wp\/v2\/pages\/116","targetHints":{"allow":["GET"]}}],"collection":[{"href":"https:\/\/laurenceperrin-hypnose.com\/index.php\/wp-json\/wp\/v2\/pages"}],"about":[{"href":"https:\/\/laurenceperrin-hypnose.com\/index.php\/wp-json\/wp\/v2\/types\/page"}],"author":[{"embeddable":true,"href":"https:\/\/laurenceperrin-hypnose.com\/index.php\/wp-json\/wp\/v2\/users\/1"}],"replies":[{"embeddable":true,"href":"https:\/\/laurenceperrin-hypnose.com\/index.php\/wp-json\/wp\/v2\/comments?post=116"}],"version-history":[{"count":31,"href":"https:\/\/laurenceperrin-hypnose.com\/index.php\/wp-json\/wp\/v2\/pages\/116\/revisions"}],"predecessor-version":[{"id":606,"href":"https:\/\/laurenceperrin-hypnose.com\/index.php\/wp-json\/wp\/v2\/pages\/116\/revisions\/606"}],"wp:attachment":[{"href":"https:\/\/laurenceperrin-hypnose.com\/index.php\/wp-json\/wp\/v2\/media?parent=116"}],"curies":[{"name":"wp","href":"https:\/\/api.w.org\/{rel}","templated":true}]}}