{"id":110,"date":"2022-12-02T13:34:30","date_gmt":"2022-12-02T12:34:30","guid":{"rendered":"https:\/\/laurenceperrin-hypnose.com\/?page_id=110"},"modified":"2023-04-01T16:12:14","modified_gmt":"2023-04-01T14:12:14","slug":"eft","status":"publish","type":"page","link":"https:\/\/laurenceperrin-hypnose.com\/index.php\/eft\/","title":{"rendered":"EFT"},"content":{"rendered":"\n<div class=\"wp-block-columns is-layout-flex wp-container-core-columns-is-layout-9d6595d7 wp-block-columns-is-layout-flex\">\n<div class=\"wp-block-column is-layout-flow wp-block-column-is-layout-flow\">\n<img src='https:\/\/laurenceperrin-hypnose.com\/wp-content\/uploads\/2023\/01\/telephone-1.png' width='10%'><a href='tel:0650704079'> 06 50 70 40 79<\/a><br \/><a href=\"https:\/\/perfactive.fr\/laurence-perrin\/book\" target=\"_blank\" rel=\"noopener\"><img decoding=\"async\" src=\"https:\/\/laurenceperrin-hypnose.com\/wp-content\/uploads\/2022\/12\/calendrier.png\" alt=\"prendre rendez-vous\" title=\"prendre rendez-vous\" width=\"120px\"><\/a>\n<\/div>\n\n\n\n<div class=\"wp-block-column is-layout-flow wp-block-column-is-layout-flow\"><\/div>\n<\/div>\n\n\n\n<p class=\"has-text-color has-medium-font-size\" style=\"color:#249da6\"><strong>Qu\u2019est-ce que l\u2019EFT ?<\/strong><\/p>\n\n\n\n<p>L&#8217;EFT nous vient des Etats-Unis.<\/p>\n\n\n\n<p class=\"has-text-align-center\"><strong>L&#8217;Emotional Freedom Technique, abr\u00e9g\u00e9e en EFT, est une technique qui prend sa source dans la th\u00e9rapie du champ mental.<\/strong><\/p>\n\n\n\n<p>C&#8217;est l&#8217;aboutissement d&#8217;une combinaison de plusieurs d\u00e9couvertes dont :<\/p>\n\n\n\n<ul class=\"wp-block-list\">\n<li>L&#8217;acupuncture, vieille de + 5000 ans.<\/li>\n\n\n\n<li>Les travaux par le&nbsp;Dr John Diamond&nbsp;qui ont mis en \u00e9vidence et publi\u00e9 le lien qui existe entre&nbsp;\u00e9motions et m\u00e9ridiens&nbsp;montrant la corr\u00e9lation entre sant\u00e9 physique et \u00e9motionnelle appel\u00e9es aussi&nbsp;\u00e9nergies subtiles.<\/li>\n\n\n\n<li>Et finalement le g\u00e9nie de&nbsp;Gary Craig&nbsp;qui a permis de simplifier ces techniques pour rendre la personne en souffrance autonome et libre de d\u00e9cider de se sentir mieux \u00e0 sa convenance.<\/li>\n<\/ul>\n\n\n\n<div class=\"wp-block-media-text alignwide is-stacked-on-mobile\"><figure class=\"wp-block-media-text__media\"><img fetchpriority=\"high\" decoding=\"async\" width=\"420\" height=\"418\" src=\"https:\/\/laurenceperrin-hypnose.com\/wp-content\/uploads\/2023\/01\/Capture-decran-2023-01-09-a-15.45.55.png\" alt=\"\" class=\"wp-image-316 size-full\" srcset=\"https:\/\/laurenceperrin-hypnose.com\/wp-content\/uploads\/2023\/01\/Capture-decran-2023-01-09-a-15.45.55.png 420w, https:\/\/laurenceperrin-hypnose.com\/wp-content\/uploads\/2023\/01\/Capture-decran-2023-01-09-a-15.45.55-300x300.png 300w, https:\/\/laurenceperrin-hypnose.com\/wp-content\/uploads\/2023\/01\/Capture-decran-2023-01-09-a-15.45.55-150x150.png 150w, https:\/\/laurenceperrin-hypnose.com\/wp-content\/uploads\/2023\/01\/Capture-decran-2023-01-09-a-15.45.55-100x100.png 100w\" sizes=\"(max-width: 420px) 100vw, 420px\" \/><\/figure><div class=\"wp-block-media-text__content\">\n<p class=\"has-text-color\" style=\"color:#249da6\"><strong>L&#8217;EFT, comment \u00e7a marche ?<\/strong><\/p>\n\n\n\n<p>Il s&#8217;agit de tapoter ou de frotter doucement certains&nbsp;points sp\u00e9cifiques&nbsp;situ\u00e9s sur nos m\u00e9ridiens.<br>En tapotant ainsi tout en pensant \u00e0 ce qui nous d\u00e9range, on \u00e9quilibre les m\u00e9ridiens perturb\u00e9s.<br>Vous conservez la m\u00e9moire de l&#8217;\u00e9v\u00e8nement qui vous a d\u00e9rang\u00e9, mais n&#8217;en ressentez plus la&nbsp;charge \u00e9motive&nbsp;qui l&#8217;accompagnait.<\/p>\n<\/div><\/div>\n\n\n\n<p class=\"has-text-color\" style=\"color:#04cfcf\"><\/p>\n\n\n\n<p class=\"has-text-color\" style=\"color:#249da6\"><strong>Les b\u00e9n\u00e9fices de l\u2019EFT<\/strong><\/p>\n\n\n\n<p>Son efficacit\u00e9 est sans pareil pour se&nbsp;d\u00e9barrasser des craintes, peurs et phobies et d&#8217;une rapidit\u00e9 \u00e9poustouflante.<\/p>\n\n\n\n<p><a href=\"https:\/\/perfactive.fr\/laurence-perrin\/new?\" target=\"_blank\" rel=\"noreferrer noopener\">Prendre rendez-vous<\/a><\/p>\n","protected":false},"excerpt":{"rendered":"<p>06 50 70 40 79 Qu\u2019est-ce que l\u2019EFT ? L&#8217;EFT nous vient des Etats-Unis. L&#8217;Emotional Freedom Technique, abr\u00e9g\u00e9e en EFT, est une technique qui prend sa source dans la th\u00e9rapie du champ mental. C&#8217;est l&#8217;aboutissement d&#8217;une combinaison de plusieurs d\u00e9couvertes dont : L&#8217;EFT, comment \u00e7a marche ? Il s&#8217;agit de tapoter ou de frotter doucement&hellip; <a class=\"more-link\" href=\"https:\/\/laurenceperrin-hypnose.com\/index.php\/eft\/\">Continue reading <span class=\"screen-reader-text\">EFT<\/span><\/a><\/p>\n","protected":false},"author":1,"featured_media":0,"parent":0,"menu_order":0,"comment_status":"closed","ping_status":"closed","template":"","meta":{"footnotes":""},"class_list":["post-110","page","type-page","status-publish","hentry","entry"],"yoast_head":"<!-- This site is optimized with the Yoast SEO plugin v21.9.1 - https:\/\/yoast.com\/wordpress\/plugins\/seo\/ -->\n<title>EFT - Laurence Perrin Hypnose Levallois<\/title>\n<meta name=\"robots\" content=\"index, follow, max-snippet:-1, max-image-preview:large, max-video-preview:-1\" \/>\n<link rel=\"canonical\" href=\"https:\/\/laurenceperrin-hypnose.com\/index.php\/eft\/\" \/>\n<meta property=\"og:locale\" content=\"en_US\" \/>\n<meta property=\"og:type\" content=\"article\" \/>\n<meta property=\"og:title\" content=\"EFT - Laurence Perrin Hypnose Levallois\" \/>\n<meta property=\"og:description\" content=\"06 50 70 40 79 Qu\u2019est-ce que l\u2019EFT ? L&#8217;EFT nous vient des Etats-Unis. L&#8217;Emotional Freedom Technique, abr\u00e9g\u00e9e en EFT, est une technique qui prend sa source dans la th\u00e9rapie du champ mental. C&#8217;est l&#8217;aboutissement d&#8217;une combinaison de plusieurs d\u00e9couvertes dont : L&#8217;EFT, comment \u00e7a marche ? Il s&#8217;agit de tapoter ou de frotter doucement&hellip; Continue reading EFT\" \/>\n<meta property=\"og:url\" content=\"https:\/\/laurenceperrin-hypnose.com\/index.php\/eft\/\" \/>\n<meta property=\"og:site_name\" content=\"Laurence Perrin Hypnose Levallois\" \/>\n<meta property=\"article:modified_time\" content=\"2023-04-01T14:12:14+00:00\" \/>\n<meta property=\"og:image\" content=\"https:\/\/laurenceperrin-hypnose.com\/wp-content\/uploads\/2023\/01\/telephone-1.png\" \/>\n<meta name=\"twitter:card\" content=\"summary_large_image\" \/>\n<meta name=\"twitter:label1\" content=\"Est. reading time\" \/>\n\t<meta name=\"twitter:data1\" content=\"1 minute\" \/>\n<script type=\"application\/ld+json\" class=\"yoast-schema-graph\">{\"@context\":\"https:\/\/schema.org\",\"@graph\":[{\"@type\":\"WebPage\",\"@id\":\"https:\/\/laurenceperrin-hypnose.com\/index.php\/eft\/\",\"url\":\"https:\/\/laurenceperrin-hypnose.com\/index.php\/eft\/\",\"name\":\"EFT - Laurence Perrin Hypnose Levallois\",\"isPartOf\":{\"@id\":\"https:\/\/laurenceperrin-hypnose.com\/#website\"},\"datePublished\":\"2022-12-02T12:34:30+00:00\",\"dateModified\":\"2023-04-01T14:12:14+00:00\",\"breadcrumb\":{\"@id\":\"https:\/\/laurenceperrin-hypnose.com\/index.php\/eft\/#breadcrumb\"},\"inLanguage\":\"en-US\",\"potentialAction\":[{\"@type\":\"ReadAction\",\"target\":[\"https:\/\/laurenceperrin-hypnose.com\/index.php\/eft\/\"]}]},{\"@type\":\"BreadcrumbList\",\"@id\":\"https:\/\/laurenceperrin-hypnose.com\/index.php\/eft\/#breadcrumb\",\"itemListElement\":[{\"@type\":\"ListItem\",\"position\":1,\"name\":\"Accueil\",\"item\":\"https:\/\/laurenceperrin-hypnose.com\/\"},{\"@type\":\"ListItem\",\"position\":2,\"name\":\"EFT\"}]},{\"@type\":\"WebSite\",\"@id\":\"https:\/\/laurenceperrin-hypnose.com\/#website\",\"url\":\"https:\/\/laurenceperrin-hypnose.com\/\",\"name\":\"Laurence Perrin Hypnose Levallois\",\"description\":\"HYPNOCOACHING - PNL - RITMO - EFT \",\"publisher\":{\"@id\":\"https:\/\/laurenceperrin-hypnose.com\/#organization\"},\"potentialAction\":[{\"@type\":\"SearchAction\",\"target\":{\"@type\":\"EntryPoint\",\"urlTemplate\":\"https:\/\/laurenceperrin-hypnose.com\/?s={search_term_string}\"},\"query-input\":\"required name=search_term_string\"}],\"inLanguage\":\"en-US\"},{\"@type\":\"Organization\",\"@id\":\"https:\/\/laurenceperrin-hypnose.com\/#organization\",\"name\":\"Laurence Perrin Hypnose Levallois\",\"url\":\"https:\/\/laurenceperrin-hypnose.com\/\",\"logo\":{\"@type\":\"ImageObject\",\"inLanguage\":\"en-US\",\"@id\":\"https:\/\/laurenceperrin-hypnose.com\/#\/schema\/logo\/image\/\",\"url\":\"https:\/\/laurenceperrin-hypnose.com\/wp-content\/uploads\/2022\/09\/Laurence-030-scaled.jpg\",\"contentUrl\":\"https:\/\/laurenceperrin-hypnose.com\/wp-content\/uploads\/2022\/09\/Laurence-030-scaled.jpg\",\"width\":1707,\"height\":2560,\"caption\":\"Laurence Perrin Hypnose Levallois\"},\"image\":{\"@id\":\"https:\/\/laurenceperrin-hypnose.com\/#\/schema\/logo\/image\/\"}}]}<\/script>\n<!-- \/ Yoast SEO plugin. -->","yoast_head_json":{"title":"EFT - Laurence Perrin Hypnose Levallois","robots":{"index":"index","follow":"follow","max-snippet":"max-snippet:-1","max-image-preview":"max-image-preview:large","max-video-preview":"max-video-preview:-1"},"canonical":"https:\/\/laurenceperrin-hypnose.com\/index.php\/eft\/","og_locale":"en_US","og_type":"article","og_title":"EFT - Laurence Perrin Hypnose Levallois","og_description":"06 50 70 40 79 Qu\u2019est-ce que l\u2019EFT ? L&#8217;EFT nous vient des Etats-Unis. L&#8217;Emotional Freedom Technique, abr\u00e9g\u00e9e en EFT, est une technique qui prend sa source dans la th\u00e9rapie du champ mental. C&#8217;est l&#8217;aboutissement d&#8217;une combinaison de plusieurs d\u00e9couvertes dont : L&#8217;EFT, comment \u00e7a marche ? Il s&#8217;agit de tapoter ou de frotter doucement&hellip; Continue reading EFT","og_url":"https:\/\/laurenceperrin-hypnose.com\/index.php\/eft\/","og_site_name":"Laurence Perrin Hypnose Levallois","article_modified_time":"2023-04-01T14:12:14+00:00","og_image":[{"url":"https:\/\/laurenceperrin-hypnose.com\/wp-content\/uploads\/2023\/01\/telephone-1.png"}],"twitter_card":"summary_large_image","twitter_misc":{"Est. reading time":"1 minute"},"schema":{"@context":"https:\/\/schema.org","@graph":[{"@type":"WebPage","@id":"https:\/\/laurenceperrin-hypnose.com\/index.php\/eft\/","url":"https:\/\/laurenceperrin-hypnose.com\/index.php\/eft\/","name":"EFT - Laurence Perrin Hypnose Levallois","isPartOf":{"@id":"https:\/\/laurenceperrin-hypnose.com\/#website"},"datePublished":"2022-12-02T12:34:30+00:00","dateModified":"2023-04-01T14:12:14+00:00","breadcrumb":{"@id":"https:\/\/laurenceperrin-hypnose.com\/index.php\/eft\/#breadcrumb"},"inLanguage":"en-US","potentialAction":[{"@type":"ReadAction","target":["https:\/\/laurenceperrin-hypnose.com\/index.php\/eft\/"]}]},{"@type":"BreadcrumbList","@id":"https:\/\/laurenceperrin-hypnose.com\/index.php\/eft\/#breadcrumb","itemListElement":[{"@type":"ListItem","position":1,"name":"Accueil","item":"https:\/\/laurenceperrin-hypnose.com\/"},{"@type":"ListItem","position":2,"name":"EFT"}]},{"@type":"WebSite","@id":"https:\/\/laurenceperrin-hypnose.com\/#website","url":"https:\/\/laurenceperrin-hypnose.com\/","name":"Laurence Perrin Hypnose Levallois","description":"HYPNOCOACHING - PNL - RITMO - EFT ","publisher":{"@id":"https:\/\/laurenceperrin-hypnose.com\/#organization"},"potentialAction":[{"@type":"SearchAction","target":{"@type":"EntryPoint","urlTemplate":"https:\/\/laurenceperrin-hypnose.com\/?s={search_term_string}"},"query-input":"required name=search_term_string"}],"inLanguage":"en-US"},{"@type":"Organization","@id":"https:\/\/laurenceperrin-hypnose.com\/#organization","name":"Laurence Perrin Hypnose Levallois","url":"https:\/\/laurenceperrin-hypnose.com\/","logo":{"@type":"ImageObject","inLanguage":"en-US","@id":"https:\/\/laurenceperrin-hypnose.com\/#\/schema\/logo\/image\/","url":"https:\/\/laurenceperrin-hypnose.com\/wp-content\/uploads\/2022\/09\/Laurence-030-scaled.jpg","contentUrl":"https:\/\/laurenceperrin-hypnose.com\/wp-content\/uploads\/2022\/09\/Laurence-030-scaled.jpg","width":1707,"height":2560,"caption":"Laurence Perrin Hypnose Levallois"},"image":{"@id":"https:\/\/laurenceperrin-hypnose.com\/#\/schema\/logo\/image\/"}}]}},"_links":{"self":[{"href":"https:\/\/laurenceperrin-hypnose.com\/index.php\/wp-json\/wp\/v2\/pages\/110","targetHints":{"allow":["GET"]}}],"collection":[{"href":"https:\/\/laurenceperrin-hypnose.com\/index.php\/wp-json\/wp\/v2\/pages"}],"about":[{"href":"https:\/\/laurenceperrin-hypnose.com\/index.php\/wp-json\/wp\/v2\/types\/page"}],"author":[{"embeddable":true,"href":"https:\/\/laurenceperrin-hypnose.com\/index.php\/wp-json\/wp\/v2\/users\/1"}],"replies":[{"embeddable":true,"href":"https:\/\/laurenceperrin-hypnose.com\/index.php\/wp-json\/wp\/v2\/comments?post=110"}],"version-history":[{"count":14,"href":"https:\/\/laurenceperrin-hypnose.com\/index.php\/wp-json\/wp\/v2\/pages\/110\/revisions"}],"predecessor-version":[{"id":521,"href":"https:\/\/laurenceperrin-hypnose.com\/index.php\/wp-json\/wp\/v2\/pages\/110\/revisions\/521"}],"wp:attachment":[{"href":"https:\/\/laurenceperrin-hypnose.com\/index.php\/wp-json\/wp\/v2\/media?parent=110"}],"curies":[{"name":"wp","href":"https:\/\/api.w.org\/{rel}","templated":true}]}}