{"id":106,"date":"2022-12-02T13:33:06","date_gmt":"2022-12-02T12:33:06","guid":{"rendered":"https:\/\/laurenceperrin-hypnose.com\/?page_id=106"},"modified":"2023-04-01T16:12:33","modified_gmt":"2023-04-01T14:12:33","slug":"ritmo","status":"publish","type":"page","link":"https:\/\/laurenceperrin-hypnose.com\/index.php\/ritmo\/","title":{"rendered":"RITMO\u00ae"},"content":{"rendered":"\n<div class=\"wp-block-columns is-layout-flex wp-container-core-columns-is-layout-9d6595d7 wp-block-columns-is-layout-flex\">\n<div class=\"wp-block-column is-layout-flow wp-block-column-is-layout-flow\">\n<img src='https:\/\/laurenceperrin-hypnose.com\/wp-content\/uploads\/2023\/01\/telephone-1.png' width='10%'><a href='tel:0650704079'> 06 50 70 40 79<\/a><br \/><a href=\"https:\/\/perfactive.fr\/laurence-perrin\/book\" target=\"_blank\" rel=\"noopener\"><img decoding=\"async\" src=\"https:\/\/laurenceperrin-hypnose.com\/wp-content\/uploads\/2022\/12\/calendrier.png\" alt=\"prendre rendez-vous\" title=\"prendre rendez-vous\" width=\"120px\"><\/a>\n<\/div>\n\n\n\n<div class=\"wp-block-column is-layout-flow wp-block-column-is-layout-flow\"><\/div>\n<\/div>\n\n\n\n<p class=\"has-text-color has-medium-font-size\" style=\"color:#249da6\"><strong>Qu\u2019est-ce que le RITMO<\/strong>\u00ae<strong> ?<\/strong><\/p>\n\n\n\n<p><strong>C\u2019est une pratique proche de l\u2019EMDR pour la gestion des traumatismes (Retraitement de l&#8217;Information Traumatique par les Mouvements Oculaires)<\/strong><\/p>\n\n\n\n<p>Au milieu des ann\u00e9es 80 Francine Shapiro, psychologue am\u00e9ricaine, d\u00e9couvre fortuitement ce qui va devenir une des derni\u00e8res r\u00e9volutions th\u00e9rapeutiques : l&#8217;EMDR (Eye Movement Desensitization and Reprocessing).&nbsp;Sa m\u00e9thode va \u00eatre test\u00e9e avec succ\u00e8s sur les grands traumatis\u00e9s de la guerre du Vietnam puis import\u00e9e en France par David Servan-Schreiber.<\/p>\n\n\n\n<p>&nbsp;La m\u00e9thode RITMO\u00ae, d\u00e9velopp\u00e9e par Lili Ruggieri, permet d&#8217;aider de mani\u00e8re efficace, rapide et durable les personnes atteintes notamment du syndrome de stress post traumatique, gr\u00e2ce \u00e0 une technique particuli\u00e8re qui est une combinaison d&#8217;hypnose et d&#8217;EMDR.<\/p>\n\n\n\n<p>&nbsp;Les personnes traumatis\u00e9es ont des angoisses, revivent le trauma, \u00e9vitent certaines situations, activit\u00e9s, pens\u00e9es ou sentiments en lien avec le trauma, ont des difficult\u00e9s de concentration, un sommeil perturb\u00e9, ont du mal \u00e0 contr\u00f4ler leurs \u00e9motions&#8230; tout cela bien apr\u00e8s l&#8217;\u00e9v\u00e8nement traumatisant ou le choc \u00e9motionnel \u00e9prouv\u00e9 dans le pass\u00e9.<\/p>\n\n\n\n<figure class=\"wp-block-gallery has-nested-images columns-default is-cropped wp-block-gallery-1 is-layout-flex wp-block-gallery-is-layout-flex\">\n<figure class=\"wp-block-image size-large\"><img fetchpriority=\"high\" decoding=\"async\" width=\"1024\" height=\"683\" data-id=\"242\" src=\"https:\/\/laurenceperrin-hypnose.com\/wp-content\/uploads\/2022\/12\/femme-libre-fotomelia-1024x683.jpg\" alt=\"\" class=\"wp-image-242\" srcset=\"https:\/\/laurenceperrin-hypnose.com\/wp-content\/uploads\/2022\/12\/femme-libre-fotomelia-1024x683.jpg 1024w, https:\/\/laurenceperrin-hypnose.com\/wp-content\/uploads\/2022\/12\/femme-libre-fotomelia-300x200.jpg 300w, https:\/\/laurenceperrin-hypnose.com\/wp-content\/uploads\/2022\/12\/femme-libre-fotomelia-768x512.jpg 768w, https:\/\/laurenceperrin-hypnose.com\/wp-content\/uploads\/2022\/12\/femme-libre-fotomelia-1536x1024.jpg 1536w, https:\/\/laurenceperrin-hypnose.com\/wp-content\/uploads\/2022\/12\/femme-libre-fotomelia-2048x1365.jpg 2048w\" sizes=\"(max-width: 1024px) 100vw, 1024px\" \/><\/figure>\n<\/figure>\n\n\n\n<p class=\"has-text-color\" style=\"color:#249da6\">&nbsp;<strong>Le RITMO\u00ae comment \u00e7a marche ?<\/strong><\/p>\n\n\n\n<p>La technique RITMO\u00ae est \u00e0 base de stimulations visuelles, auditives ou corporelles (tapotements sur les mains, les genoux&#8230;) de gauche \u00e0 droite, pendant que le sujet repense \u00e0 l&#8217;\u00e9v\u00e8nement traumatique.<br>Ce processus permet d&#8217;activer les zones du cerveau impliqu\u00e9es jusqu&#8217;\u00e0 &#8220;dig\u00e9rer&#8221; l&#8217;\u00e9v\u00e8nement traumatisant en le s\u00e9parant de l&#8217;\u00e9motion ressentie. La perception du traumatisme change, l&#8217;\u00e9v\u00e8nement est enfin int\u00e9gr\u00e9 puis d\u00e9pass\u00e9.<\/p>\n\n\n\n<p>&nbsp;RITMO\u00ae fait appel \u00e0 notre capacit\u00e9 naturelle d&#8217;auto-gu\u00e9rison. Nous pouvons \u00e9galement compter sur notre inconscient qui nous aide \u00e0 nous lib\u00e9rer de nos blocages sans m\u00eame que nous sachions comment cela se produit.<\/p>\n\n\n\n<p>&nbsp;Une \u00e0 quelques s\u00e9ances s&#8217;av\u00e8rent suffisantes dans la majorit\u00e9 des cas.<\/p>\n\n\n\n<p class=\"has-text-color\" style=\"color:#249da6\">&nbsp;<strong>B\u00e9n\u00e9fices du RITMO\u00ae<\/strong><\/p>\n\n\n\n<p>Utilis\u00e9 avec succ\u00e8s pour un \u00e9v\u00e8nement traumatique unique : accident, agression, deuil&#8230;, RITMO\u00ae donne \u00e9galement d&#8217;excellents r\u00e9sultats sur les blocages \u00e9motionnels, les comportements compulsifs, les peurs, le manque de confiance en soi&#8230;&nbsp;<\/p>\n\n\n\n<p><a href=\"https:\/\/perfactive.fr\/laurence-perrin\/new?\" target=\"_blank\" rel=\"noreferrer noopener\">Prendre rendez-vous<\/a><\/p>\n","protected":false},"excerpt":{"rendered":"<p>06 50 70 40 79 Qu\u2019est-ce que le RITMO\u00ae ? C\u2019est une pratique proche de l\u2019EMDR pour la gestion des traumatismes (Retraitement de l&#8217;Information Traumatique par les Mouvements Oculaires) Au milieu des ann\u00e9es 80 Francine Shapiro, psychologue am\u00e9ricaine, d\u00e9couvre fortuitement ce qui va devenir une des derni\u00e8res r\u00e9volutions th\u00e9rapeutiques : l&#8217;EMDR (Eye Movement Desensitization and&hellip; <a class=\"more-link\" href=\"https:\/\/laurenceperrin-hypnose.com\/index.php\/ritmo\/\">Continue reading <span class=\"screen-reader-text\">RITMO\u00ae<\/span><\/a><\/p>\n","protected":false},"author":1,"featured_media":0,"parent":0,"menu_order":0,"comment_status":"closed","ping_status":"closed","template":"","meta":{"footnotes":""},"class_list":["post-106","page","type-page","status-publish","hentry","entry"],"yoast_head":"<!-- This site is optimized with the Yoast SEO plugin v21.9.1 - https:\/\/yoast.com\/wordpress\/plugins\/seo\/ -->\n<title>RITMO\u00ae - Laurence Perrin Hypnose Levallois<\/title>\n<meta name=\"robots\" content=\"index, follow, max-snippet:-1, max-image-preview:large, max-video-preview:-1\" \/>\n<link rel=\"canonical\" href=\"https:\/\/laurenceperrin-hypnose.com\/index.php\/ritmo\/\" \/>\n<meta property=\"og:locale\" content=\"en_US\" \/>\n<meta property=\"og:type\" content=\"article\" \/>\n<meta property=\"og:title\" content=\"RITMO\u00ae - Laurence Perrin Hypnose Levallois\" \/>\n<meta property=\"og:description\" content=\"06 50 70 40 79 Qu\u2019est-ce que le RITMO\u00ae ? C\u2019est une pratique proche de l\u2019EMDR pour la gestion des traumatismes (Retraitement de l&#8217;Information Traumatique par les Mouvements Oculaires) Au milieu des ann\u00e9es 80 Francine Shapiro, psychologue am\u00e9ricaine, d\u00e9couvre fortuitement ce qui va devenir une des derni\u00e8res r\u00e9volutions th\u00e9rapeutiques : l&#8217;EMDR (Eye Movement Desensitization and&hellip; Continue reading RITMO\u00ae\" \/>\n<meta property=\"og:url\" content=\"https:\/\/laurenceperrin-hypnose.com\/index.php\/ritmo\/\" \/>\n<meta property=\"og:site_name\" content=\"Laurence Perrin Hypnose Levallois\" \/>\n<meta property=\"article:modified_time\" content=\"2023-04-01T14:12:33+00:00\" \/>\n<meta property=\"og:image\" content=\"https:\/\/laurenceperrin-hypnose.com\/wp-content\/uploads\/2023\/01\/telephone-1.png\" \/>\n<meta name=\"twitter:card\" content=\"summary_large_image\" \/>\n<meta name=\"twitter:label1\" content=\"Est. reading time\" \/>\n\t<meta name=\"twitter:data1\" content=\"2 minutes\" \/>\n<script type=\"application\/ld+json\" class=\"yoast-schema-graph\">{\"@context\":\"https:\/\/schema.org\",\"@graph\":[{\"@type\":\"WebPage\",\"@id\":\"https:\/\/laurenceperrin-hypnose.com\/index.php\/ritmo\/\",\"url\":\"https:\/\/laurenceperrin-hypnose.com\/index.php\/ritmo\/\",\"name\":\"RITMO\u00ae - Laurence Perrin Hypnose Levallois\",\"isPartOf\":{\"@id\":\"https:\/\/laurenceperrin-hypnose.com\/#website\"},\"datePublished\":\"2022-12-02T12:33:06+00:00\",\"dateModified\":\"2023-04-01T14:12:33+00:00\",\"breadcrumb\":{\"@id\":\"https:\/\/laurenceperrin-hypnose.com\/index.php\/ritmo\/#breadcrumb\"},\"inLanguage\":\"en-US\",\"potentialAction\":[{\"@type\":\"ReadAction\",\"target\":[\"https:\/\/laurenceperrin-hypnose.com\/index.php\/ritmo\/\"]}]},{\"@type\":\"BreadcrumbList\",\"@id\":\"https:\/\/laurenceperrin-hypnose.com\/index.php\/ritmo\/#breadcrumb\",\"itemListElement\":[{\"@type\":\"ListItem\",\"position\":1,\"name\":\"Accueil\",\"item\":\"https:\/\/laurenceperrin-hypnose.com\/\"},{\"@type\":\"ListItem\",\"position\":2,\"name\":\"RITMO\u00ae\"}]},{\"@type\":\"WebSite\",\"@id\":\"https:\/\/laurenceperrin-hypnose.com\/#website\",\"url\":\"https:\/\/laurenceperrin-hypnose.com\/\",\"name\":\"Laurence Perrin Hypnose Levallois\",\"description\":\"HYPNOCOACHING - PNL - RITMO - EFT \",\"publisher\":{\"@id\":\"https:\/\/laurenceperrin-hypnose.com\/#organization\"},\"potentialAction\":[{\"@type\":\"SearchAction\",\"target\":{\"@type\":\"EntryPoint\",\"urlTemplate\":\"https:\/\/laurenceperrin-hypnose.com\/?s={search_term_string}\"},\"query-input\":\"required name=search_term_string\"}],\"inLanguage\":\"en-US\"},{\"@type\":\"Organization\",\"@id\":\"https:\/\/laurenceperrin-hypnose.com\/#organization\",\"name\":\"Laurence Perrin Hypnose Levallois\",\"url\":\"https:\/\/laurenceperrin-hypnose.com\/\",\"logo\":{\"@type\":\"ImageObject\",\"inLanguage\":\"en-US\",\"@id\":\"https:\/\/laurenceperrin-hypnose.com\/#\/schema\/logo\/image\/\",\"url\":\"https:\/\/laurenceperrin-hypnose.com\/wp-content\/uploads\/2022\/09\/Laurence-030-scaled.jpg\",\"contentUrl\":\"https:\/\/laurenceperrin-hypnose.com\/wp-content\/uploads\/2022\/09\/Laurence-030-scaled.jpg\",\"width\":1707,\"height\":2560,\"caption\":\"Laurence Perrin Hypnose Levallois\"},\"image\":{\"@id\":\"https:\/\/laurenceperrin-hypnose.com\/#\/schema\/logo\/image\/\"}}]}<\/script>\n<!-- \/ Yoast SEO plugin. -->","yoast_head_json":{"title":"RITMO\u00ae - Laurence Perrin Hypnose Levallois","robots":{"index":"index","follow":"follow","max-snippet":"max-snippet:-1","max-image-preview":"max-image-preview:large","max-video-preview":"max-video-preview:-1"},"canonical":"https:\/\/laurenceperrin-hypnose.com\/index.php\/ritmo\/","og_locale":"en_US","og_type":"article","og_title":"RITMO\u00ae - Laurence Perrin Hypnose Levallois","og_description":"06 50 70 40 79 Qu\u2019est-ce que le RITMO\u00ae ? C\u2019est une pratique proche de l\u2019EMDR pour la gestion des traumatismes (Retraitement de l&#8217;Information Traumatique par les Mouvements Oculaires) Au milieu des ann\u00e9es 80 Francine Shapiro, psychologue am\u00e9ricaine, d\u00e9couvre fortuitement ce qui va devenir une des derni\u00e8res r\u00e9volutions th\u00e9rapeutiques : l&#8217;EMDR (Eye Movement Desensitization and&hellip; Continue reading RITMO\u00ae","og_url":"https:\/\/laurenceperrin-hypnose.com\/index.php\/ritmo\/","og_site_name":"Laurence Perrin Hypnose Levallois","article_modified_time":"2023-04-01T14:12:33+00:00","og_image":[{"url":"https:\/\/laurenceperrin-hypnose.com\/wp-content\/uploads\/2023\/01\/telephone-1.png"}],"twitter_card":"summary_large_image","twitter_misc":{"Est. reading time":"2 minutes"},"schema":{"@context":"https:\/\/schema.org","@graph":[{"@type":"WebPage","@id":"https:\/\/laurenceperrin-hypnose.com\/index.php\/ritmo\/","url":"https:\/\/laurenceperrin-hypnose.com\/index.php\/ritmo\/","name":"RITMO\u00ae - Laurence Perrin Hypnose Levallois","isPartOf":{"@id":"https:\/\/laurenceperrin-hypnose.com\/#website"},"datePublished":"2022-12-02T12:33:06+00:00","dateModified":"2023-04-01T14:12:33+00:00","breadcrumb":{"@id":"https:\/\/laurenceperrin-hypnose.com\/index.php\/ritmo\/#breadcrumb"},"inLanguage":"en-US","potentialAction":[{"@type":"ReadAction","target":["https:\/\/laurenceperrin-hypnose.com\/index.php\/ritmo\/"]}]},{"@type":"BreadcrumbList","@id":"https:\/\/laurenceperrin-hypnose.com\/index.php\/ritmo\/#breadcrumb","itemListElement":[{"@type":"ListItem","position":1,"name":"Accueil","item":"https:\/\/laurenceperrin-hypnose.com\/"},{"@type":"ListItem","position":2,"name":"RITMO\u00ae"}]},{"@type":"WebSite","@id":"https:\/\/laurenceperrin-hypnose.com\/#website","url":"https:\/\/laurenceperrin-hypnose.com\/","name":"Laurence Perrin Hypnose Levallois","description":"HYPNOCOACHING - PNL - RITMO - EFT ","publisher":{"@id":"https:\/\/laurenceperrin-hypnose.com\/#organization"},"potentialAction":[{"@type":"SearchAction","target":{"@type":"EntryPoint","urlTemplate":"https:\/\/laurenceperrin-hypnose.com\/?s={search_term_string}"},"query-input":"required name=search_term_string"}],"inLanguage":"en-US"},{"@type":"Organization","@id":"https:\/\/laurenceperrin-hypnose.com\/#organization","name":"Laurence Perrin Hypnose Levallois","url":"https:\/\/laurenceperrin-hypnose.com\/","logo":{"@type":"ImageObject","inLanguage":"en-US","@id":"https:\/\/laurenceperrin-hypnose.com\/#\/schema\/logo\/image\/","url":"https:\/\/laurenceperrin-hypnose.com\/wp-content\/uploads\/2022\/09\/Laurence-030-scaled.jpg","contentUrl":"https:\/\/laurenceperrin-hypnose.com\/wp-content\/uploads\/2022\/09\/Laurence-030-scaled.jpg","width":1707,"height":2560,"caption":"Laurence Perrin Hypnose Levallois"},"image":{"@id":"https:\/\/laurenceperrin-hypnose.com\/#\/schema\/logo\/image\/"}}]}},"_links":{"self":[{"href":"https:\/\/laurenceperrin-hypnose.com\/index.php\/wp-json\/wp\/v2\/pages\/106","targetHints":{"allow":["GET"]}}],"collection":[{"href":"https:\/\/laurenceperrin-hypnose.com\/index.php\/wp-json\/wp\/v2\/pages"}],"about":[{"href":"https:\/\/laurenceperrin-hypnose.com\/index.php\/wp-json\/wp\/v2\/types\/page"}],"author":[{"embeddable":true,"href":"https:\/\/laurenceperrin-hypnose.com\/index.php\/wp-json\/wp\/v2\/users\/1"}],"replies":[{"embeddable":true,"href":"https:\/\/laurenceperrin-hypnose.com\/index.php\/wp-json\/wp\/v2\/comments?post=106"}],"version-history":[{"count":17,"href":"https:\/\/laurenceperrin-hypnose.com\/index.php\/wp-json\/wp\/v2\/pages\/106\/revisions"}],"predecessor-version":[{"id":522,"href":"https:\/\/laurenceperrin-hypnose.com\/index.php\/wp-json\/wp\/v2\/pages\/106\/revisions\/522"}],"wp:attachment":[{"href":"https:\/\/laurenceperrin-hypnose.com\/index.php\/wp-json\/wp\/v2\/media?parent=106"}],"curies":[{"name":"wp","href":"https:\/\/api.w.org\/{rel}","templated":true}]}}